{"id":659,"date":"2024-01-16T15:48:59","date_gmt":"2024-01-16T15:48:59","guid":{"rendered":"https:\/\/nomadhouses.pt\/?page_id=659"},"modified":"2024-04-16T14:19:59","modified_gmt":"2024-04-16T14:19:59","slug":"servicess","status":"publish","type":"page","link":"https:\/\/nomadhouses.pt\/en\/servicess\/","title":{"rendered":"Services"},"content":{"rendered":"<div data-elementor-type=\"wp-page\" data-elementor-id=\"659\" class=\"elementor elementor-659\" data-elementor-post-type=\"page\">\n\t\t\t\t\t\t<section class=\"elementor-section elementor-top-section elementor-element elementor-element-fc2f3b5 elementor-section-height-min-height elementor-section-items-stretch elementor-section-content-middle elementor-section-boxed elementor-section-height-default\" data-id=\"fc2f3b5\" data-element_type=\"section\" data-settings=\"{&quot;background_background&quot;:&quot;classic&quot;}\">\n\t\t\t\t\t\t<div class=\"elementor-container elementor-column-gap-no\">\n\t\t\t\t\t<div class=\"elementor-column elementor-col-100 elementor-top-column elementor-element elementor-element-34255db8\" data-id=\"34255db8\" data-element_type=\"column\">\n\t\t\t<div class=\"elementor-widget-wrap elementor-element-populated\">\n\t\t\t\t\t\t<div class=\"elementor-element elementor-element-398dda4b elementor-invisible elementor-widget elementor-widget-heading\" data-id=\"398dda4b\" data-element_type=\"widget\" data-settings=\"{&quot;_animation&quot;:&quot;fadeIn&quot;}\" data-widget_type=\"heading.default\">\n\t\t\t\t<div class=\"elementor-widget-container\">\n\t\t\t\t\t<h1 class=\"elementor-heading-title elementor-size-default\">services<\/h1>\t\t\t\t<\/div>\n\t\t\t\t<\/div>\n\t\t\t\t\t<\/div>\n\t\t<\/div>\n\t\t\t\t\t<\/div>\n\t\t<\/section>\n\t\t\t\t<section class=\"elementor-section elementor-top-section elementor-element elementor-element-6a7c7ae elementor-section-full_width elementor-section-height-min-height elementor-section-items-stretch elementor-section-content-top elementor-section-height-default\" data-id=\"6a7c7ae\" data-element_type=\"section\">\n\t\t\t\t\t\t<div class=\"elementor-container elementor-column-gap-no\">\n\t\t\t\t\t<div class=\"elementor-column elementor-col-50 elementor-top-column elementor-element elementor-element-7b3283b\" data-id=\"7b3283b\" data-element_type=\"column\">\n\t\t\t<div class=\"elementor-widget-wrap elementor-element-populated\">\n\t\t\t\t\t\t<div class=\"elementor-element elementor-element-c306d57 elementor-invisible elementor-widget elementor-widget-heading\" data-id=\"c306d57\" data-element_type=\"widget\" data-settings=\"{&quot;_animation&quot;:&quot;fadeIn&quot;,&quot;_animation_delay&quot;:&quot;200&quot;}\" data-widget_type=\"heading.default\">\n\t\t\t\t<div class=\"elementor-widget-container\">\n\t\t\t\t\t<h3 class=\"elementor-heading-title elementor-size-default\">SHORT RENTING<\/h3>\t\t\t\t<\/div>\n\t\t\t\t<\/div>\n\t\t\t\t<div class=\"elementor-element elementor-element-4ecc3017 elementor-widget-divider--view-line elementor-widget elementor-widget-divider\" data-id=\"4ecc3017\" data-element_type=\"widget\" data-widget_type=\"divider.default\">\n\t\t\t\t<div class=\"elementor-widget-container\">\n\t\t\t\t\t\t\t<div class=\"elementor-divider\">\n\t\t\t<span class=\"elementor-divider-separator\">\n\t\t\t\t\t\t<\/span>\n\t\t<\/div>\n\t\t\t\t\t\t<\/div>\n\t\t\t\t<\/div>\n\t\t\t\t<div class=\"elementor-element elementor-element-b544f31 elementor-widget elementor-widget-text-editor\" data-id=\"b544f31\" data-element_type=\"widget\" data-widget_type=\"text-editor.default\">\n\t\t\t\t<div class=\"elementor-widget-container\">\n\t\t\t\t\t\t\t\t\t<p><strong>Discover the Comfort and Convenience of Our Short-Term Rental Accommodations at NOMAD Houses!<\/strong><\/p><p>At NOMAD Houses, we offer a variety of stylish and well-equipped local accommodations strategically located for easy access to major tourist attractions. We are part of a welcoming community, whether it's a short getaway or an extended stay.<\/p><p>The booking process is simple, available through platforms like Booking and Airbnb. Committed to providing a memorable experience, we stand out for our personalized and attentive service.<\/p><p>Choose NOMAD Houses and enjoy comfort, convenience, and hospitality. We want to get to know you and provide a unique and special stay.\u00a0<em>Book the exclusive experience of NOMAD Houses now!\u00a0<\/em><\/p>\t\t\t\t\t\t\t\t<\/div>\n\t\t\t\t<\/div>\n\t\t\t\t\t<\/div>\n\t\t<\/div>\n\t\t\t\t<div class=\"elementor-column elementor-col-50 elementor-top-column elementor-element elementor-element-952719b\" data-id=\"952719b\" data-element_type=\"column\">\n\t\t\t<div class=\"elementor-widget-wrap elementor-element-populated\">\n\t\t\t\t\t\t<div class=\"elementor-element elementor-element-86aea8e elementor-invisible elementor-widget elementor-widget-heading\" data-id=\"86aea8e\" data-element_type=\"widget\" data-settings=\"{&quot;_animation&quot;:&quot;fadeIn&quot;,&quot;_animation_delay&quot;:&quot;200&quot;}\" data-widget_type=\"heading.default\">\n\t\t\t\t<div class=\"elementor-widget-container\">\n\t\t\t\t\t<h3 class=\"elementor-heading-title elementor-size-default\">Long RENTING<\/h3>\t\t\t\t<\/div>\n\t\t\t\t<\/div>\n\t\t\t\t<div class=\"elementor-element elementor-element-838bd72 elementor-widget-divider--view-line elementor-widget elementor-widget-divider\" data-id=\"838bd72\" data-element_type=\"widget\" data-widget_type=\"divider.default\">\n\t\t\t\t<div class=\"elementor-widget-container\">\n\t\t\t\t\t\t\t<div class=\"elementor-divider\">\n\t\t\t<span class=\"elementor-divider-separator\">\n\t\t\t\t\t\t<\/span>\n\t\t<\/div>\n\t\t\t\t\t\t<\/div>\n\t\t\t\t<\/div>\n\t\t\t\t<div class=\"elementor-element elementor-element-1c22a63 elementor-widget elementor-widget-text-editor\" data-id=\"1c22a63\" data-element_type=\"widget\" data-widget_type=\"text-editor.default\">\n\t\t\t\t<div class=\"elementor-widget-container\">\n\t\t\t\t\t\t\t\t\t<p><strong>Discover Space and Comfort in NOMAD Houses' Long Renting!<\/strong><\/p><p>At NOMAD Houses, we offer spacious, well-located, and modernly equipped apartments designed for extended stays. Each unit features bedrooms, generous living spaces, and a fully equipped kitchen, ensuring the convenience needed for a long and comfortable stay.<\/p><p><em>Choose NOMAD Houses for an exceptional residential experience.\u00a0<\/em><\/p>\t\t\t\t\t\t\t\t<\/div>\n\t\t\t\t<\/div>\n\t\t\t\t\t<\/div>\n\t\t<\/div>\n\t\t\t\t\t<\/div>\n\t\t<\/section>\n\t\t\t\t<\/div>","protected":false},"excerpt":{"rendered":"<p>Servi\u00e7os SHORT RENTING Descubra o Conforto e a Praticidade dos Nossos Alojamentos Locais de Short Renting na NOMAD Houses! Na NOMAD Houses, apresentamos uma variedade de alojamentos locais elegantes e bem-equipados, desde apartamentos a encantadoras casas. Estrategicamente localizados para f\u00e1cil acesso a atra\u00e7\u00f5es tur\u00edsticas e comodidades urbanas, oferecemos flexibilidade de estadia para escapadinhas curtas ou [&hellip;]<\/p>","protected":false},"author":1,"featured_media":112,"parent":0,"menu_order":0,"comment_status":"closed","ping_status":"closed","template":"elementor_header_footer","meta":{"footnotes":""},"class_list":["post-659","page","type-page","status-publish","has-post-thumbnail","hentry"],"yoast_head":"<!-- This site is optimized with the Yoast SEO plugin v24.3 - https:\/\/yoast.com\/wordpress\/plugins\/seo\/ -->\n<title>Services - Nomad Houses<\/title>\n<meta name=\"description\" content=\"Descubra o Conforto e a Praticidade dos Nossos Alojamentos Locais de Short e Long Renting na NOMAD Houses! (...)\" \/>\n<meta name=\"robots\" content=\"index, follow, max-snippet:-1, max-image-preview:large, max-video-preview:-1\" \/>\n<link rel=\"canonical\" href=\"https:\/\/nomadhouses.pt\/en\/servicess\/\" \/>\n<meta property=\"og:locale\" content=\"en_GB\" \/>\n<meta property=\"og:type\" content=\"article\" \/>\n<meta property=\"og:title\" content=\"Services - Nomad Houses\" \/>\n<meta property=\"og:description\" content=\"Descubra o Conforto e a Praticidade dos Nossos Alojamentos Locais de Short e Long Renting na NOMAD Houses! (...)\" \/>\n<meta property=\"og:url\" content=\"https:\/\/nomadhouses.pt\/en\/servicess\/\" \/>\n<meta property=\"og:site_name\" content=\"Nomad Houses\" \/>\n<meta property=\"article:publisher\" content=\"https:\/\/www.facebook.com\/nomadhouses.pt\/\" \/>\n<meta property=\"article:modified_time\" content=\"2024-04-16T14:19:59+00:00\" \/>\n<meta property=\"og:image\" content=\"https:\/\/nomadhouses.pt\/wp-content\/uploads\/2023\/07\/nomad_houses_beja_.png\" \/>\n\t<meta property=\"og:image:width\" content=\"349\" \/>\n\t<meta property=\"og:image:height\" content=\"418\" \/>\n\t<meta property=\"og:image:type\" content=\"image\/png\" \/>\n<meta name=\"twitter:card\" content=\"summary_large_image\" \/>\n<meta name=\"twitter:label1\" content=\"Estimated reading time\" \/>\n\t<meta name=\"twitter:data1\" content=\"2 minutes\" \/>\n<script type=\"application\/ld+json\" class=\"yoast-schema-graph\">{\"@context\":\"https:\/\/schema.org\",\"@graph\":[{\"@type\":\"WebPage\",\"@id\":\"https:\/\/nomadhouses.pt\/servicess\/\",\"url\":\"https:\/\/nomadhouses.pt\/servicess\/\",\"name\":\"Services - Nomad Houses\",\"isPartOf\":{\"@id\":\"https:\/\/nomadhouses.pt\/#website\"},\"primaryImageOfPage\":{\"@id\":\"https:\/\/nomadhouses.pt\/servicess\/#primaryimage\"},\"image\":{\"@id\":\"https:\/\/nomadhouses.pt\/servicess\/#primaryimage\"},\"thumbnailUrl\":\"https:\/\/nomadhouses.pt\/wp-content\/uploads\/2023\/07\/nomad_houses_beja_.png\",\"datePublished\":\"2024-01-16T15:48:59+00:00\",\"dateModified\":\"2024-04-16T14:19:59+00:00\",\"description\":\"Descubra o Conforto e a Praticidade dos Nossos Alojamentos Locais de Short e Long Renting na NOMAD Houses! (...)\",\"breadcrumb\":{\"@id\":\"https:\/\/nomadhouses.pt\/servicess\/#breadcrumb\"},\"inLanguage\":\"en-GB\",\"potentialAction\":[{\"@type\":\"ReadAction\",\"target\":[\"https:\/\/nomadhouses.pt\/servicess\/\"]}]},{\"@type\":\"ImageObject\",\"inLanguage\":\"en-GB\",\"@id\":\"https:\/\/nomadhouses.pt\/servicess\/#primaryimage\",\"url\":\"https:\/\/nomadhouses.pt\/wp-content\/uploads\/2023\/07\/nomad_houses_beja_.png\",\"contentUrl\":\"https:\/\/nomadhouses.pt\/wp-content\/uploads\/2023\/07\/nomad_houses_beja_.png\",\"width\":349,\"height\":418},{\"@type\":\"BreadcrumbList\",\"@id\":\"https:\/\/nomadhouses.pt\/servicess\/#breadcrumb\",\"itemListElement\":[{\"@type\":\"ListItem\",\"position\":1,\"name\":\"In\u00edcio\",\"item\":\"https:\/\/nomadhouses.pt\/\"},{\"@type\":\"ListItem\",\"position\":2,\"name\":\"Services\"}]},{\"@type\":\"WebSite\",\"@id\":\"https:\/\/nomadhouses.pt\/#website\",\"url\":\"https:\/\/nomadhouses.pt\/\",\"name\":\"Nomad Houses\",\"description\":\":)\",\"publisher\":{\"@id\":\"https:\/\/nomadhouses.pt\/#organization\"},\"potentialAction\":[{\"@type\":\"SearchAction\",\"target\":{\"@type\":\"EntryPoint\",\"urlTemplate\":\"https:\/\/nomadhouses.pt\/?s={search_term_string}\"},\"query-input\":{\"@type\":\"PropertyValueSpecification\",\"valueRequired\":true,\"valueName\":\"search_term_string\"}}],\"inLanguage\":\"en-GB\"},{\"@type\":\"Organization\",\"@id\":\"https:\/\/nomadhouses.pt\/#organization\",\"name\":\"Nomad Houses\",\"url\":\"https:\/\/nomadhouses.pt\/\",\"logo\":{\"@type\":\"ImageObject\",\"inLanguage\":\"en-GB\",\"@id\":\"https:\/\/nomadhouses.pt\/#\/schema\/logo\/image\/\",\"url\":\"https:\/\/nomadhouses.pt\/wp-content\/uploads\/2023\/07\/logotipo_site.png\",\"contentUrl\":\"https:\/\/nomadhouses.pt\/wp-content\/uploads\/2023\/07\/logotipo_site.png\",\"width\":1848,\"height\":663,\"caption\":\"Nomad Houses\"},\"image\":{\"@id\":\"https:\/\/nomadhouses.pt\/#\/schema\/logo\/image\/\"},\"sameAs\":[\"https:\/\/www.facebook.com\/nomadhouses.pt\/\"]}]}<\/script>\n<!-- \/ Yoast SEO plugin. -->","yoast_head_json":{"title":"Services - Nomad Houses","description":"Descubra o Conforto e a Praticidade dos Nossos Alojamentos Locais de Short e Long Renting na NOMAD Houses! (...)","robots":{"index":"index","follow":"follow","max-snippet":"max-snippet:-1","max-image-preview":"max-image-preview:large","max-video-preview":"max-video-preview:-1"},"canonical":"https:\/\/nomadhouses.pt\/en\/servicess\/","og_locale":"en_GB","og_type":"article","og_title":"Services - Nomad Houses","og_description":"Descubra o Conforto e a Praticidade dos Nossos Alojamentos Locais de Short e Long Renting na NOMAD Houses! (...)","og_url":"https:\/\/nomadhouses.pt\/en\/servicess\/","og_site_name":"Nomad Houses","article_publisher":"https:\/\/www.facebook.com\/nomadhouses.pt\/","article_modified_time":"2024-04-16T14:19:59+00:00","og_image":[{"width":349,"height":418,"url":"https:\/\/nomadhouses.pt\/wp-content\/uploads\/2023\/07\/nomad_houses_beja_.png","type":"image\/png"}],"twitter_card":"summary_large_image","twitter_misc":{"Estimated reading time":"2 minutes"},"schema":{"@context":"https:\/\/schema.org","@graph":[{"@type":"WebPage","@id":"https:\/\/nomadhouses.pt\/servicess\/","url":"https:\/\/nomadhouses.pt\/servicess\/","name":"Services - Nomad Houses","isPartOf":{"@id":"https:\/\/nomadhouses.pt\/#website"},"primaryImageOfPage":{"@id":"https:\/\/nomadhouses.pt\/servicess\/#primaryimage"},"image":{"@id":"https:\/\/nomadhouses.pt\/servicess\/#primaryimage"},"thumbnailUrl":"https:\/\/nomadhouses.pt\/wp-content\/uploads\/2023\/07\/nomad_houses_beja_.png","datePublished":"2024-01-16T15:48:59+00:00","dateModified":"2024-04-16T14:19:59+00:00","description":"Descubra o Conforto e a Praticidade dos Nossos Alojamentos Locais de Short e Long Renting na NOMAD Houses! (...)","breadcrumb":{"@id":"https:\/\/nomadhouses.pt\/servicess\/#breadcrumb"},"inLanguage":"en-GB","potentialAction":[{"@type":"ReadAction","target":["https:\/\/nomadhouses.pt\/servicess\/"]}]},{"@type":"ImageObject","inLanguage":"en-GB","@id":"https:\/\/nomadhouses.pt\/servicess\/#primaryimage","url":"https:\/\/nomadhouses.pt\/wp-content\/uploads\/2023\/07\/nomad_houses_beja_.png","contentUrl":"https:\/\/nomadhouses.pt\/wp-content\/uploads\/2023\/07\/nomad_houses_beja_.png","width":349,"height":418},{"@type":"BreadcrumbList","@id":"https:\/\/nomadhouses.pt\/servicess\/#breadcrumb","itemListElement":[{"@type":"ListItem","position":1,"name":"In\u00edcio","item":"https:\/\/nomadhouses.pt\/"},{"@type":"ListItem","position":2,"name":"Services"}]},{"@type":"WebSite","@id":"https:\/\/nomadhouses.pt\/#website","url":"https:\/\/nomadhouses.pt\/","name":"Nomad Houses","description":":)","publisher":{"@id":"https:\/\/nomadhouses.pt\/#organization"},"potentialAction":[{"@type":"SearchAction","target":{"@type":"EntryPoint","urlTemplate":"https:\/\/nomadhouses.pt\/?s={search_term_string}"},"query-input":{"@type":"PropertyValueSpecification","valueRequired":true,"valueName":"search_term_string"}}],"inLanguage":"en-GB"},{"@type":"Organization","@id":"https:\/\/nomadhouses.pt\/#organization","name":"Nomad Houses","url":"https:\/\/nomadhouses.pt\/","logo":{"@type":"ImageObject","inLanguage":"en-GB","@id":"https:\/\/nomadhouses.pt\/#\/schema\/logo\/image\/","url":"https:\/\/nomadhouses.pt\/wp-content\/uploads\/2023\/07\/logotipo_site.png","contentUrl":"https:\/\/nomadhouses.pt\/wp-content\/uploads\/2023\/07\/logotipo_site.png","width":1848,"height":663,"caption":"Nomad Houses"},"image":{"@id":"https:\/\/nomadhouses.pt\/#\/schema\/logo\/image\/"},"sameAs":["https:\/\/www.facebook.com\/nomadhouses.pt\/"]}]}},"_links":{"self":[{"href":"https:\/\/nomadhouses.pt\/en\/wp-json\/wp\/v2\/pages\/659","targetHints":{"allow":["GET"]}}],"collection":[{"href":"https:\/\/nomadhouses.pt\/en\/wp-json\/wp\/v2\/pages"}],"about":[{"href":"https:\/\/nomadhouses.pt\/en\/wp-json\/wp\/v2\/types\/page"}],"author":[{"embeddable":true,"href":"https:\/\/nomadhouses.pt\/en\/wp-json\/wp\/v2\/users\/1"}],"replies":[{"embeddable":true,"href":"https:\/\/nomadhouses.pt\/en\/wp-json\/wp\/v2\/comments?post=659"}],"version-history":[{"count":20,"href":"https:\/\/nomadhouses.pt\/en\/wp-json\/wp\/v2\/pages\/659\/revisions"}],"predecessor-version":[{"id":1460,"href":"https:\/\/nomadhouses.pt\/en\/wp-json\/wp\/v2\/pages\/659\/revisions\/1460"}],"wp:featuredmedia":[{"embeddable":true,"href":"https:\/\/nomadhouses.pt\/en\/wp-json\/wp\/v2\/media\/112"}],"wp:attachment":[{"href":"https:\/\/nomadhouses.pt\/en\/wp-json\/wp\/v2\/media?parent=659"}],"curies":[{"name":"wp","href":"https:\/\/api.w.org\/{rel}","templated":true}]}}