{"id":595,"date":"2024-01-16T09:19:17","date_gmt":"2024-01-16T09:19:17","guid":{"rendered":"https:\/\/nomadhouses.pt\/?page_id=595"},"modified":"2024-03-08T15:39:22","modified_gmt":"2024-03-08T15:39:22","slug":"ap-arrais-2","status":"publish","type":"page","link":"https:\/\/nomadhouses.pt\/en\/ap-arrais-2\/","title":{"rendered":"Ap Arrais 2"},"content":{"rendered":"<div data-elementor-type=\"wp-page\" data-elementor-id=\"595\" class=\"elementor elementor-595\" data-elementor-post-type=\"page\">\n\t\t\t\t\t\t<section class=\"elementor-section elementor-top-section elementor-element elementor-element-57c93e90 elementor-section-full_width elementor-section-height-min-height elementor-section-items-stretch elementor-section-content-top elementor-section-height-default\" data-id=\"57c93e90\" data-element_type=\"section\" data-settings=\"{&quot;background_background&quot;:&quot;classic&quot;}\">\n\t\t\t\t\t\t<div class=\"elementor-container elementor-column-gap-no\">\n\t\t\t\t\t<div class=\"elementor-column elementor-col-100 elementor-top-column elementor-element elementor-element-66971349\" data-id=\"66971349\" data-element_type=\"column\">\n\t\t\t<div class=\"elementor-widget-wrap elementor-element-populated\">\n\t\t\t\t\t\t<div class=\"elementor-element elementor-element-685430e4 elementor-widget__width-initial elementor-absolute elementor-widget-tablet__width-initial elementor-widget-mobile__width-inherit elementor-widget elementor-widget-spacer\" data-id=\"685430e4\" data-element_type=\"widget\" data-settings=\"{&quot;_position&quot;:&quot;absolute&quot;}\" data-widget_type=\"spacer.default\">\n\t\t\t\t<div class=\"elementor-widget-container\">\n\t\t\t\t\t\t\t<div class=\"elementor-spacer\">\n\t\t\t<div class=\"elementor-spacer-inner\"><\/div>\n\t\t<\/div>\n\t\t\t\t\t\t<\/div>\n\t\t\t\t<\/div>\n\t\t\t\t<section class=\"elementor-section elementor-inner-section elementor-element elementor-element-2650cff1 elementor-section-boxed elementor-section-height-default elementor-section-height-default\" data-id=\"2650cff1\" data-element_type=\"section\">\n\t\t\t\t\t\t<div class=\"elementor-container elementor-column-gap-no\">\n\t\t\t\t\t<div class=\"elementor-column elementor-col-100 elementor-inner-column elementor-element elementor-element-5f38b4c7\" data-id=\"5f38b4c7\" data-element_type=\"column\">\n\t\t\t<div class=\"elementor-widget-wrap elementor-element-populated\">\n\t\t\t\t\t\t<div class=\"elementor-element elementor-element-5ceceaee elementor-invisible elementor-widget elementor-widget-heading\" data-id=\"5ceceaee\" data-element_type=\"widget\" data-settings=\"{&quot;_animation&quot;:&quot;fadeIn&quot;}\" data-widget_type=\"heading.default\">\n\t\t\t\t<div class=\"elementor-widget-container\">\n\t\t\t\t\t<h1 class=\"elementor-heading-title elementor-size-default\">AP arrais 2<\/h1>\t\t\t\t<\/div>\n\t\t\t\t<\/div>\n\t\t\t\t<div class=\"elementor-element elementor-element-78f31df elementor-invisible elementor-widget elementor-widget-text-editor\" data-id=\"78f31df\" data-element_type=\"widget\" data-settings=\"{&quot;_animation&quot;:&quot;fadeIn&quot;,&quot;_animation_delay&quot;:&quot;200&quot;}\" data-widget_type=\"text-editor.default\">\n\t\t\t\t<div class=\"elementor-widget-container\">\n\t\t\t\t\t\t\t\t\t<p>BEJA &#8211; ALENTEJO &#8211; PORTUGAL<\/p>\t\t\t\t\t\t\t\t<\/div>\n\t\t\t\t<\/div>\n\t\t\t\t<div class=\"elementor-element elementor-element-f820a28 elementor-invisible elementor-widget elementor-widget-text-editor\" data-id=\"f820a28\" data-element_type=\"widget\" data-settings=\"{&quot;_animation&quot;:&quot;fadeIn&quot;,&quot;_animation_delay&quot;:&quot;200&quot;}\" data-widget_type=\"text-editor.default\">\n\t\t\t\t<div class=\"elementor-widget-container\">\n\t\t\t\t\t\t\t\t\t<p>full house<\/p>\t\t\t\t\t\t\t\t<\/div>\n\t\t\t\t<\/div>\n\t\t\t\t\t<\/div>\n\t\t<\/div>\n\t\t\t\t\t<\/div>\n\t\t<\/section>\n\t\t\t\t\t<\/div>\n\t\t<\/div>\n\t\t\t\t\t<\/div>\n\t\t<\/section>\n\t\t\t\t<section class=\"elementor-section elementor-top-section elementor-element elementor-element-92e287a elementor-section-boxed elementor-section-height-default elementor-section-height-default\" data-id=\"92e287a\" data-element_type=\"section\">\n\t\t\t\t\t\t<div class=\"elementor-container elementor-column-gap-default\">\n\t\t\t\t\t<div class=\"elementor-column elementor-col-100 elementor-top-column elementor-element elementor-element-17db5c5\" data-id=\"17db5c5\" data-element_type=\"column\">\n\t\t\t<div class=\"elementor-widget-wrap elementor-element-populated\">\n\t\t\t\t\t\t<div class=\"elementor-element elementor-element-041e1c5 elementor-widget elementor-widget-image\" data-id=\"041e1c5\" data-element_type=\"widget\" data-widget_type=\"image.default\">\n\t\t\t\t<div class=\"elementor-widget-container\">\n\t\t\t\t\t\t\t\t\t\t\t\t\t\t\t<img decoding=\"async\" src=\"https:\/\/nomadhouses.pt\/wp-content\/uploads\/elementor\/thumbs\/arrais_2-r0ftgjguz2h6jlheehhjssv54j8ykhaqn2gcweswvk.jpg\" title=\"Nomad Houses\" alt=\"Nomad Houses\" loading=\"lazy\" \/>\t\t\t\t\t\t\t\t\t\t\t\t\t\t\t<\/div>\n\t\t\t\t<\/div>\n\t\t\t\t\t<\/div>\n\t\t<\/div>\n\t\t\t\t\t<\/div>\n\t\t<\/section>\n\t\t\t\t<section class=\"elementor-section elementor-top-section elementor-element elementor-element-5f05c8f elementor-section-boxed elementor-section-height-default elementor-section-height-default\" data-id=\"5f05c8f\" data-element_type=\"section\">\n\t\t\t\t\t\t<div class=\"elementor-container elementor-column-gap-default\">\n\t\t\t\t\t<div class=\"elementor-column elementor-col-50 elementor-top-column elementor-element elementor-element-7da822a\" data-id=\"7da822a\" data-element_type=\"column\">\n\t\t\t<div class=\"elementor-widget-wrap elementor-element-populated\">\n\t\t\t\t\t\t<div class=\"elementor-element elementor-element-9a7efc9 elementor-widget elementor-widget-text-editor\" data-id=\"9a7efc9\" data-element_type=\"widget\" data-widget_type=\"text-editor.default\">\n\t\t\t\t<div class=\"elementor-widget-container\">\n\t\t\t\t\t\t\t\t\t<p>Welcome to comfort and elegance in the history of Beja! We are pleased to introduce our spacious 4-bedroom apartment, located in the prestigious Rui Frei Amador Arrais, offering an ideal residence for long-term rental.<\/p><p>Apartment Features: 4 Bedrooms, 1 Living Room, 1 Dining Room, 1 Kitchen, 1 Pantry, 2 Bathrooms, spacious balcony, and 1 attic<\/p>\t\t\t\t\t\t\t\t<\/div>\n\t\t\t\t<\/div>\n\t\t\t\t\t<\/div>\n\t\t<\/div>\n\t\t\t\t<div class=\"elementor-column elementor-col-50 elementor-top-column elementor-element elementor-element-3f24bb7\" data-id=\"3f24bb7\" data-element_type=\"column\">\n\t\t\t<div class=\"elementor-widget-wrap elementor-element-populated\">\n\t\t\t\t\t\t<div class=\"elementor-element elementor-element-5ed8933 elementor-widget elementor-widget-text-editor\" data-id=\"5ed8933\" data-element_type=\"widget\" data-widget_type=\"text-editor.default\">\n\t\t\t\t<div class=\"elementor-widget-container\">\n\t\t\t\t\t\t\t\t\t<p>Localiza\u00e7\u00e3o: O apartamento est\u00e1 estrategicamente localizado na Rua Frei Amador Arrais, proporcionando um f\u00e1cil acesso a todas as comodidades locais, como escolas, supermercados e \u00e1reas de lazer. Desfrute da tranquilidade da vizinhan\u00e7a enquanto se beneficia da proximidade do centro da cidade. Aluguer de longa dura\u00e7\u00e3o. Se est\u00e1 \u00e0 procura de um lar acolhedor e espa\u00e7oso em Beja, n\u00e3o hesite em entrar em contacto para mais informa\u00e7\u00f5es ou para agendar uma visita. Estamos ansiosos para receb\u00ea-lo na sua nova casa.<\/p>\t\t\t\t\t\t\t\t<\/div>\n\t\t\t\t<\/div>\n\t\t\t\t\t<\/div>\n\t\t<\/div>\n\t\t\t\t\t<\/div>\n\t\t<\/section>\n\t\t\t\t<section class=\"elementor-section elementor-top-section elementor-element elementor-element-23f6890 elementor-section-boxed elementor-section-height-default elementor-section-height-default\" data-id=\"23f6890\" data-element_type=\"section\">\n\t\t\t\t\t\t<div class=\"elementor-container elementor-column-gap-default\">\n\t\t\t\t\t<div class=\"elementor-column elementor-col-100 elementor-top-column elementor-element elementor-element-d419937\" data-id=\"d419937\" data-element_type=\"column\">\n\t\t\t<div class=\"elementor-widget-wrap elementor-element-populated\">\n\t\t\t\t\t\t<div class=\"elementor-element elementor-element-f022520 elementor-icon-list--layout-inline elementor-align-center elementor-list-item-link-full_width elementor-widget elementor-widget-icon-list\" data-id=\"f022520\" data-element_type=\"widget\" data-widget_type=\"icon-list.default\">\n\t\t\t\t<div class=\"elementor-widget-container\">\n\t\t\t\t\t\t\t<ul class=\"elementor-icon-list-items elementor-inline-items\">\n\t\t\t\t\t\t\t<li class=\"elementor-icon-list-item elementor-inline-item\">\n\t\t\t\t\t\t\t\t\t\t\t<span class=\"elementor-icon-list-icon\">\n\t\t\t\t\t\t\t<i aria-hidden=\"true\" class=\"fas fa-bed\"><\/i>\t\t\t\t\t\t<\/span>\n\t\t\t\t\t\t\t\t\t\t<span class=\"elementor-icon-list-text\">4 room<\/span>\n\t\t\t\t\t\t\t\t\t<\/li>\n\t\t\t\t\t\t\t\t<li class=\"elementor-icon-list-item elementor-inline-item\">\n\t\t\t\t\t\t\t\t\t\t\t<span class=\"elementor-icon-list-icon\">\n\t\t\t\t\t\t\t<i aria-hidden=\"true\" class=\"fas fa-couch\"><\/i>\t\t\t\t\t\t<\/span>\n\t\t\t\t\t\t\t\t\t\t<span class=\"elementor-icon-list-text\">living room<\/span>\n\t\t\t\t\t\t\t\t\t<\/li>\n\t\t\t\t\t\t\t\t<li class=\"elementor-icon-list-item elementor-inline-item\">\n\t\t\t\t\t\t\t\t\t\t\t<span class=\"elementor-icon-list-icon\">\n\t\t\t\t\t\t\t<i aria-hidden=\"true\" class=\"fas fa-table\"><\/i>\t\t\t\t\t\t<\/span>\n\t\t\t\t\t\t\t\t\t\t<span class=\"elementor-icon-list-text\">dining room<\/span>\n\t\t\t\t\t\t\t\t\t<\/li>\n\t\t\t\t\t\t\t\t<li class=\"elementor-icon-list-item elementor-inline-item\">\n\t\t\t\t\t\t\t\t\t\t\t<span class=\"elementor-icon-list-icon\">\n\t\t\t\t\t\t\t<i aria-hidden=\"true\" class=\"fas fa-bath\"><\/i>\t\t\t\t\t\t<\/span>\n\t\t\t\t\t\t\t\t\t\t<span class=\"elementor-icon-list-text\">2 bathroom<\/span>\n\t\t\t\t\t\t\t\t\t<\/li>\n\t\t\t\t\t\t\t\t<li class=\"elementor-icon-list-item elementor-inline-item\">\n\t\t\t\t\t\t\t\t\t\t\t<span class=\"elementor-icon-list-icon\">\n\t\t\t\t\t\t\t<i aria-hidden=\"true\" class=\"fas fa-wine-glass\"><\/i>\t\t\t\t\t\t<\/span>\n\t\t\t\t\t\t\t\t\t\t<span class=\"elementor-icon-list-text\">kitchen<\/span>\n\t\t\t\t\t\t\t\t\t<\/li>\n\t\t\t\t\t\t\t\t<li class=\"elementor-icon-list-item elementor-inline-item\">\n\t\t\t\t\t\t\t\t\t\t\t<span class=\"elementor-icon-list-icon\">\n\t\t\t\t\t\t\t<i aria-hidden=\"true\" class=\"fas fa-align-justify\"><\/i>\t\t\t\t\t\t<\/span>\n\t\t\t\t\t\t\t\t\t\t<span class=\"elementor-icon-list-text\">balcony<\/span>\n\t\t\t\t\t\t\t\t\t<\/li>\n\t\t\t\t\t\t<\/ul>\n\t\t\t\t\t\t<\/div>\n\t\t\t\t<\/div>\n\t\t\t\t\t<\/div>\n\t\t<\/div>\n\t\t\t\t\t<\/div>\n\t\t<\/section>\n\t\t\t\t<section class=\"elementor-section elementor-top-section elementor-element elementor-element-b036121 elementor-hidden-desktop elementor-hidden-tablet elementor-hidden-mobile elementor-section-boxed elementor-section-height-default elementor-section-height-default\" data-id=\"b036121\" data-element_type=\"section\">\n\t\t\t\t\t\t<div class=\"elementor-container elementor-column-gap-default\">\n\t\t\t\t\t<div class=\"elementor-column elementor-col-33 elementor-top-column elementor-element elementor-element-c524d52\" data-id=\"c524d52\" data-element_type=\"column\">\n\t\t\t<div class=\"elementor-widget-wrap elementor-element-populated\">\n\t\t\t\t\t\t<div class=\"elementor-element elementor-element-15e92b8 elementor-widget elementor-widget-image\" data-id=\"15e92b8\" data-element_type=\"widget\" data-widget_type=\"image.default\">\n\t\t\t\t<div class=\"elementor-widget-container\">\n\t\t\t\t\t\t\t\t\t\t\t\t\t\t\t<img decoding=\"async\" src=\"https:\/\/nomadhouses.pt\/wp-content\/uploads\/2023\/07\/nomad_teste-scaled.jpg\" title=\"\" alt=\"\" loading=\"lazy\" \/>\t\t\t\t\t\t\t\t\t\t\t\t\t\t\t<\/div>\n\t\t\t\t<\/div>\n\t\t\t\t\t<\/div>\n\t\t<\/div>\n\t\t\t\t<div class=\"elementor-column elementor-col-33 elementor-top-column elementor-element elementor-element-94bed44\" data-id=\"94bed44\" data-element_type=\"column\">\n\t\t\t<div class=\"elementor-widget-wrap elementor-element-populated\">\n\t\t\t\t\t\t<div class=\"elementor-element elementor-element-6b3a445 elementor-widget elementor-widget-image\" data-id=\"6b3a445\" data-element_type=\"widget\" data-widget_type=\"image.default\">\n\t\t\t\t<div class=\"elementor-widget-container\">\n\t\t\t\t\t\t\t\t\t\t\t\t\t\t\t<img decoding=\"async\" src=\"https:\/\/nomadhouses.pt\/wp-content\/uploads\/2023\/07\/nomad_teste-scaled.jpg\" title=\"\" alt=\"\" loading=\"lazy\" \/>\t\t\t\t\t\t\t\t\t\t\t\t\t\t\t<\/div>\n\t\t\t\t<\/div>\n\t\t\t\t\t<\/div>\n\t\t<\/div>\n\t\t\t\t<div class=\"elementor-column elementor-col-33 elementor-top-column elementor-element elementor-element-11630f8\" data-id=\"11630f8\" data-element_type=\"column\">\n\t\t\t<div class=\"elementor-widget-wrap elementor-element-populated\">\n\t\t\t\t\t\t<div class=\"elementor-element elementor-element-6efd542 elementor-widget elementor-widget-image\" data-id=\"6efd542\" data-element_type=\"widget\" data-widget_type=\"image.default\">\n\t\t\t\t<div class=\"elementor-widget-container\">\n\t\t\t\t\t\t\t\t\t\t\t\t\t\t\t<img decoding=\"async\" src=\"https:\/\/nomadhouses.pt\/wp-content\/uploads\/2023\/07\/nomad_teste-scaled.jpg\" title=\"\" alt=\"\" loading=\"lazy\" \/>\t\t\t\t\t\t\t\t\t\t\t\t\t\t\t<\/div>\n\t\t\t\t<\/div>\n\t\t\t\t\t<\/div>\n\t\t<\/div>\n\t\t\t\t\t<\/div>\n\t\t<\/section>\n\t\t\t\t<section class=\"elementor-section elementor-top-section elementor-element elementor-element-9b187fa elementor-hidden-desktop elementor-hidden-tablet elementor-hidden-mobile elementor-section-boxed elementor-section-height-default elementor-section-height-default\" data-id=\"9b187fa\" data-element_type=\"section\">\n\t\t\t\t\t\t<div class=\"elementor-container elementor-column-gap-default\">\n\t\t\t\t\t<div class=\"elementor-column elementor-col-33 elementor-top-column elementor-element elementor-element-3d7a490\" data-id=\"3d7a490\" data-element_type=\"column\">\n\t\t\t<div class=\"elementor-widget-wrap elementor-element-populated\">\n\t\t\t\t\t\t<div class=\"elementor-element elementor-element-2c86ad1 elementor-widget elementor-widget-image\" data-id=\"2c86ad1\" data-element_type=\"widget\" data-widget_type=\"image.default\">\n\t\t\t\t<div class=\"elementor-widget-container\">\n\t\t\t\t\t\t\t\t\t\t\t\t\t\t\t<img decoding=\"async\" src=\"https:\/\/nomadhouses.pt\/wp-content\/uploads\/2023\/07\/nomad_teste-scaled.jpg\" title=\"\" alt=\"\" loading=\"lazy\" \/>\t\t\t\t\t\t\t\t\t\t\t\t\t\t\t<\/div>\n\t\t\t\t<\/div>\n\t\t\t\t\t<\/div>\n\t\t<\/div>\n\t\t\t\t<div class=\"elementor-column elementor-col-33 elementor-top-column elementor-element elementor-element-a480716\" data-id=\"a480716\" data-element_type=\"column\">\n\t\t\t<div class=\"elementor-widget-wrap elementor-element-populated\">\n\t\t\t\t\t\t<div class=\"elementor-element elementor-element-9ad3562 elementor-widget elementor-widget-image\" data-id=\"9ad3562\" data-element_type=\"widget\" data-widget_type=\"image.default\">\n\t\t\t\t<div class=\"elementor-widget-container\">\n\t\t\t\t\t\t\t\t\t\t\t\t\t\t\t<img decoding=\"async\" src=\"https:\/\/nomadhouses.pt\/wp-content\/uploads\/2023\/07\/nomad_teste-scaled.jpg\" title=\"\" alt=\"\" loading=\"lazy\" \/>\t\t\t\t\t\t\t\t\t\t\t\t\t\t\t<\/div>\n\t\t\t\t<\/div>\n\t\t\t\t\t<\/div>\n\t\t<\/div>\n\t\t\t\t<div class=\"elementor-column elementor-col-33 elementor-top-column elementor-element elementor-element-8817516\" data-id=\"8817516\" data-element_type=\"column\">\n\t\t\t<div class=\"elementor-widget-wrap elementor-element-populated\">\n\t\t\t\t\t\t<div class=\"elementor-element elementor-element-8aad413 elementor-widget elementor-widget-image\" data-id=\"8aad413\" data-element_type=\"widget\" data-widget_type=\"image.default\">\n\t\t\t\t<div class=\"elementor-widget-container\">\n\t\t\t\t\t\t\t\t\t\t\t\t\t\t\t<img decoding=\"async\" src=\"https:\/\/nomadhouses.pt\/wp-content\/uploads\/2023\/07\/nomad_teste-scaled.jpg\" title=\"\" alt=\"\" loading=\"lazy\" \/>\t\t\t\t\t\t\t\t\t\t\t\t\t\t\t<\/div>\n\t\t\t\t<\/div>\n\t\t\t\t\t<\/div>\n\t\t<\/div>\n\t\t\t\t\t<\/div>\n\t\t<\/section>\n\t\t\t\t<\/div>","protected":false},"excerpt":{"rendered":"<p>AP arrais 2 BEJA &#8211; ALENTEJO &#8211; PORTUGAL apartamento completo Bem-vindo ao conforto e eleg\u00e2ncia na hist\u00f3ria da cidade de Beja! Temos o prazer de apresentar o nosso espa\u00e7oso apartamento T4, situado na prestigiada Rui Frei Amador Arrais, oferecendo uma resid\u00eancia ideal para um aluguer de longa dura\u00e7\u00e3o. Caracter\u00edsticas do apartamento: 4 Quartos, 1 Sala, [&hellip;]<\/p>","protected":false},"author":1,"featured_media":0,"parent":0,"menu_order":0,"comment_status":"closed","ping_status":"closed","template":"","meta":{"footnotes":""},"class_list":["post-595","page","type-page","status-publish","hentry"],"yoast_head":"<!-- This site is optimized with the Yoast SEO plugin v24.3 - https:\/\/yoast.com\/wordpress\/plugins\/seo\/ -->\n<title>Ap Arrais 2 - Nomad Houses<\/title>\n<meta name=\"robots\" content=\"index, follow, max-snippet:-1, max-image-preview:large, max-video-preview:-1\" \/>\n<link rel=\"canonical\" href=\"https:\/\/nomadhouses.pt\/en\/ap-arrais-2\/\" \/>\n<meta property=\"og:locale\" content=\"en_GB\" \/>\n<meta property=\"og:type\" content=\"article\" \/>\n<meta property=\"og:title\" content=\"Ap Arrais 2 - Nomad Houses\" \/>\n<meta property=\"og:description\" content=\"AP arrais 2 BEJA &#8211; ALENTEJO &#8211; PORTUGAL apartamento completo Bem-vindo ao conforto e eleg\u00e2ncia na hist\u00f3ria da cidade de Beja! Temos o prazer de apresentar o nosso espa\u00e7oso apartamento T4, situado na prestigiada Rui Frei Amador Arrais, oferecendo uma resid\u00eancia ideal para um aluguer de longa dura\u00e7\u00e3o. Caracter\u00edsticas do apartamento: 4 Quartos, 1 Sala, [&hellip;]\" \/>\n<meta property=\"og:url\" content=\"https:\/\/nomadhouses.pt\/en\/ap-arrais-2\/\" \/>\n<meta property=\"og:site_name\" content=\"Nomad Houses\" \/>\n<meta property=\"article:publisher\" content=\"https:\/\/www.facebook.com\/nomadhouses.pt\/\" \/>\n<meta property=\"article:modified_time\" content=\"2024-03-08T15:39:22+00:00\" \/>\n<meta property=\"og:image\" content=\"https:\/\/nomadhouses.pt\/wp-content\/uploads\/elementor\/thumbs\/arrais_2-qji78962ui13x3xtxcnh19t2kbjvd9uijx5o46jjls.jpg\" \/>\n<meta name=\"twitter:card\" content=\"summary_large_image\" \/>\n<meta name=\"twitter:label1\" content=\"Estimated reading time\" \/>\n\t<meta name=\"twitter:data1\" content=\"1 minute\" \/>\n<script type=\"application\/ld+json\" class=\"yoast-schema-graph\">{\"@context\":\"https:\/\/schema.org\",\"@graph\":[{\"@type\":\"WebPage\",\"@id\":\"https:\/\/nomadhouses.pt\/ap-arrais-2\/\",\"url\":\"https:\/\/nomadhouses.pt\/ap-arrais-2\/\",\"name\":\"Ap Arrais 2 - Nomad Houses\",\"isPartOf\":{\"@id\":\"https:\/\/nomadhouses.pt\/#website\"},\"primaryImageOfPage\":{\"@id\":\"https:\/\/nomadhouses.pt\/ap-arrais-2\/#primaryimage\"},\"image\":{\"@id\":\"https:\/\/nomadhouses.pt\/ap-arrais-2\/#primaryimage\"},\"thumbnailUrl\":\"https:\/\/nomadhouses.pt\/wp-content\/uploads\/elementor\/thumbs\/arrais_2-qji78962ui13x3xtxcnh19t2kbjvd9uijx5o46jjls.jpg\",\"datePublished\":\"2024-01-16T09:19:17+00:00\",\"dateModified\":\"2024-03-08T15:39:22+00:00\",\"breadcrumb\":{\"@id\":\"https:\/\/nomadhouses.pt\/ap-arrais-2\/#breadcrumb\"},\"inLanguage\":\"en-GB\",\"potentialAction\":[{\"@type\":\"ReadAction\",\"target\":[\"https:\/\/nomadhouses.pt\/ap-arrais-2\/\"]}]},{\"@type\":\"ImageObject\",\"inLanguage\":\"en-GB\",\"@id\":\"https:\/\/nomadhouses.pt\/ap-arrais-2\/#primaryimage\",\"url\":\"https:\/\/nomadhouses.pt\/wp-content\/uploads\/elementor\/thumbs\/arrais_2-qji78962ui13x3xtxcnh19t2kbjvd9uijx5o46jjls.jpg\",\"contentUrl\":\"https:\/\/nomadhouses.pt\/wp-content\/uploads\/elementor\/thumbs\/arrais_2-qji78962ui13x3xtxcnh19t2kbjvd9uijx5o46jjls.jpg\"},{\"@type\":\"BreadcrumbList\",\"@id\":\"https:\/\/nomadhouses.pt\/ap-arrais-2\/#breadcrumb\",\"itemListElement\":[{\"@type\":\"ListItem\",\"position\":1,\"name\":\"In\u00edcio\",\"item\":\"https:\/\/nomadhouses.pt\/\"},{\"@type\":\"ListItem\",\"position\":2,\"name\":\"Ap Arrais 2\"}]},{\"@type\":\"WebSite\",\"@id\":\"https:\/\/nomadhouses.pt\/#website\",\"url\":\"https:\/\/nomadhouses.pt\/\",\"name\":\"Nomad Houses\",\"description\":\":)\",\"publisher\":{\"@id\":\"https:\/\/nomadhouses.pt\/#organization\"},\"potentialAction\":[{\"@type\":\"SearchAction\",\"target\":{\"@type\":\"EntryPoint\",\"urlTemplate\":\"https:\/\/nomadhouses.pt\/?s={search_term_string}\"},\"query-input\":{\"@type\":\"PropertyValueSpecification\",\"valueRequired\":true,\"valueName\":\"search_term_string\"}}],\"inLanguage\":\"en-GB\"},{\"@type\":\"Organization\",\"@id\":\"https:\/\/nomadhouses.pt\/#organization\",\"name\":\"Nomad Houses\",\"url\":\"https:\/\/nomadhouses.pt\/\",\"logo\":{\"@type\":\"ImageObject\",\"inLanguage\":\"en-GB\",\"@id\":\"https:\/\/nomadhouses.pt\/#\/schema\/logo\/image\/\",\"url\":\"https:\/\/nomadhouses.pt\/wp-content\/uploads\/2023\/07\/logotipo_site.png\",\"contentUrl\":\"https:\/\/nomadhouses.pt\/wp-content\/uploads\/2023\/07\/logotipo_site.png\",\"width\":1848,\"height\":663,\"caption\":\"Nomad Houses\"},\"image\":{\"@id\":\"https:\/\/nomadhouses.pt\/#\/schema\/logo\/image\/\"},\"sameAs\":[\"https:\/\/www.facebook.com\/nomadhouses.pt\/\"]}]}<\/script>\n<!-- \/ Yoast SEO plugin. -->","yoast_head_json":{"title":"Ap Arrais 2 - Nomad Houses","robots":{"index":"index","follow":"follow","max-snippet":"max-snippet:-1","max-image-preview":"max-image-preview:large","max-video-preview":"max-video-preview:-1"},"canonical":"https:\/\/nomadhouses.pt\/en\/ap-arrais-2\/","og_locale":"en_GB","og_type":"article","og_title":"Ap Arrais 2 - Nomad Houses","og_description":"AP arrais 2 BEJA &#8211; ALENTEJO &#8211; PORTUGAL apartamento completo Bem-vindo ao conforto e eleg\u00e2ncia na hist\u00f3ria da cidade de Beja! Temos o prazer de apresentar o nosso espa\u00e7oso apartamento T4, situado na prestigiada Rui Frei Amador Arrais, oferecendo uma resid\u00eancia ideal para um aluguer de longa dura\u00e7\u00e3o. Caracter\u00edsticas do apartamento: 4 Quartos, 1 Sala, [&hellip;]","og_url":"https:\/\/nomadhouses.pt\/en\/ap-arrais-2\/","og_site_name":"Nomad Houses","article_publisher":"https:\/\/www.facebook.com\/nomadhouses.pt\/","article_modified_time":"2024-03-08T15:39:22+00:00","og_image":[{"url":"https:\/\/nomadhouses.pt\/wp-content\/uploads\/elementor\/thumbs\/arrais_2-qji78962ui13x3xtxcnh19t2kbjvd9uijx5o46jjls.jpg","type":"","width":"","height":""}],"twitter_card":"summary_large_image","twitter_misc":{"Estimated reading time":"1 minute"},"schema":{"@context":"https:\/\/schema.org","@graph":[{"@type":"WebPage","@id":"https:\/\/nomadhouses.pt\/ap-arrais-2\/","url":"https:\/\/nomadhouses.pt\/ap-arrais-2\/","name":"Ap Arrais 2 - Nomad Houses","isPartOf":{"@id":"https:\/\/nomadhouses.pt\/#website"},"primaryImageOfPage":{"@id":"https:\/\/nomadhouses.pt\/ap-arrais-2\/#primaryimage"},"image":{"@id":"https:\/\/nomadhouses.pt\/ap-arrais-2\/#primaryimage"},"thumbnailUrl":"https:\/\/nomadhouses.pt\/wp-content\/uploads\/elementor\/thumbs\/arrais_2-qji78962ui13x3xtxcnh19t2kbjvd9uijx5o46jjls.jpg","datePublished":"2024-01-16T09:19:17+00:00","dateModified":"2024-03-08T15:39:22+00:00","breadcrumb":{"@id":"https:\/\/nomadhouses.pt\/ap-arrais-2\/#breadcrumb"},"inLanguage":"en-GB","potentialAction":[{"@type":"ReadAction","target":["https:\/\/nomadhouses.pt\/ap-arrais-2\/"]}]},{"@type":"ImageObject","inLanguage":"en-GB","@id":"https:\/\/nomadhouses.pt\/ap-arrais-2\/#primaryimage","url":"https:\/\/nomadhouses.pt\/wp-content\/uploads\/elementor\/thumbs\/arrais_2-qji78962ui13x3xtxcnh19t2kbjvd9uijx5o46jjls.jpg","contentUrl":"https:\/\/nomadhouses.pt\/wp-content\/uploads\/elementor\/thumbs\/arrais_2-qji78962ui13x3xtxcnh19t2kbjvd9uijx5o46jjls.jpg"},{"@type":"BreadcrumbList","@id":"https:\/\/nomadhouses.pt\/ap-arrais-2\/#breadcrumb","itemListElement":[{"@type":"ListItem","position":1,"name":"In\u00edcio","item":"https:\/\/nomadhouses.pt\/"},{"@type":"ListItem","position":2,"name":"Ap Arrais 2"}]},{"@type":"WebSite","@id":"https:\/\/nomadhouses.pt\/#website","url":"https:\/\/nomadhouses.pt\/","name":"Nomad Houses","description":":)","publisher":{"@id":"https:\/\/nomadhouses.pt\/#organization"},"potentialAction":[{"@type":"SearchAction","target":{"@type":"EntryPoint","urlTemplate":"https:\/\/nomadhouses.pt\/?s={search_term_string}"},"query-input":{"@type":"PropertyValueSpecification","valueRequired":true,"valueName":"search_term_string"}}],"inLanguage":"en-GB"},{"@type":"Organization","@id":"https:\/\/nomadhouses.pt\/#organization","name":"Nomad Houses","url":"https:\/\/nomadhouses.pt\/","logo":{"@type":"ImageObject","inLanguage":"en-GB","@id":"https:\/\/nomadhouses.pt\/#\/schema\/logo\/image\/","url":"https:\/\/nomadhouses.pt\/wp-content\/uploads\/2023\/07\/logotipo_site.png","contentUrl":"https:\/\/nomadhouses.pt\/wp-content\/uploads\/2023\/07\/logotipo_site.png","width":1848,"height":663,"caption":"Nomad Houses"},"image":{"@id":"https:\/\/nomadhouses.pt\/#\/schema\/logo\/image\/"},"sameAs":["https:\/\/www.facebook.com\/nomadhouses.pt\/"]}]}},"_links":{"self":[{"href":"https:\/\/nomadhouses.pt\/en\/wp-json\/wp\/v2\/pages\/595","targetHints":{"allow":["GET"]}}],"collection":[{"href":"https:\/\/nomadhouses.pt\/en\/wp-json\/wp\/v2\/pages"}],"about":[{"href":"https:\/\/nomadhouses.pt\/en\/wp-json\/wp\/v2\/types\/page"}],"author":[{"embeddable":true,"href":"https:\/\/nomadhouses.pt\/en\/wp-json\/wp\/v2\/users\/1"}],"replies":[{"embeddable":true,"href":"https:\/\/nomadhouses.pt\/en\/wp-json\/wp\/v2\/comments?post=595"}],"version-history":[{"count":26,"href":"https:\/\/nomadhouses.pt\/en\/wp-json\/wp\/v2\/pages\/595\/revisions"}],"predecessor-version":[{"id":1116,"href":"https:\/\/nomadhouses.pt\/en\/wp-json\/wp\/v2\/pages\/595\/revisions\/1116"}],"wp:attachment":[{"href":"https:\/\/nomadhouses.pt\/en\/wp-json\/wp\/v2\/media?parent=595"}],"curies":[{"name":"wp","href":"https:\/\/api.w.org\/{rel}","templated":true}]}}