{"id":1545,"date":"2025-01-20T11:01:09","date_gmt":"2025-01-20T11:01:09","guid":{"rendered":"https:\/\/nomadhouses.pt\/?page_id=1545"},"modified":"2025-01-21T16:38:50","modified_gmt":"2025-01-21T16:38:50","slug":"beja","status":"publish","type":"page","link":"https:\/\/nomadhouses.pt\/en\/beja\/","title":{"rendered":"Beja"},"content":{"rendered":"<div data-elementor-type=\"wp-page\" data-elementor-id=\"1545\" class=\"elementor elementor-1545\" data-elementor-post-type=\"page\">\n\t\t\t\t\t\t<section class=\"elementor-section elementor-top-section elementor-element elementor-element-fc2f3b5 elementor-section-height-min-height elementor-section-items-stretch elementor-section-content-middle elementor-section-boxed elementor-section-height-default\" data-id=\"fc2f3b5\" data-element_type=\"section\" data-settings=\"{&quot;background_background&quot;:&quot;classic&quot;}\">\n\t\t\t\t\t\t<div class=\"elementor-container elementor-column-gap-no\">\n\t\t\t\t\t<div class=\"elementor-column elementor-col-100 elementor-top-column elementor-element elementor-element-34255db8\" data-id=\"34255db8\" data-element_type=\"column\">\n\t\t\t<div class=\"elementor-widget-wrap elementor-element-populated\">\n\t\t\t\t\t\t<div class=\"elementor-element elementor-element-398dda4b elementor-widget elementor-widget-heading\" data-id=\"398dda4b\" data-element_type=\"widget\" data-widget_type=\"heading.default\">\n\t\t\t\t<div class=\"elementor-widget-container\">\n\t\t\t\t\t<h1 class=\"elementor-heading-title elementor-size-default\">Beja <br> <br> Tradition, Culture, and History in Every Moment<\/h1>\t\t\t\t<\/div>\n\t\t\t\t<\/div>\n\t\t\t\t<div class=\"elementor-element elementor-element-b0efb11 elementor-widget elementor-widget-text-editor\" data-id=\"b0efb11\" data-element_type=\"widget\" data-widget_type=\"text-editor.default\">\n\t\t\t\t<div class=\"elementor-widget-container\">\n\t\t\t\t\t\t\t\t\t<p>Welcome to Beja, a city where history and the present come together to create a unique experience. On this page, we present a collection of videos that showcase the city at different moments, from 2015 to 2024. Each video offers a glimpse into Beja.<\/p>\t\t\t\t\t\t\t\t<\/div>\n\t\t\t\t<\/div>\n\t\t\t\t\t<\/div>\n\t\t<\/div>\n\t\t\t\t\t<\/div>\n\t\t<\/section>\n\t\t\t\t<section class=\"elementor-section elementor-top-section elementor-element elementor-element-6a7c7ae elementor-section-full_width elementor-section-height-min-height elementor-section-items-stretch elementor-section-content-middle elementor-section-height-default\" data-id=\"6a7c7ae\" data-element_type=\"section\">\n\t\t\t\t\t\t<div class=\"elementor-container elementor-column-gap-no\">\n\t\t\t\t\t<div class=\"elementor-column elementor-col-50 elementor-top-column elementor-element elementor-element-42cd93ac\" data-id=\"42cd93ac\" data-element_type=\"column\" data-settings=\"{&quot;background_background&quot;:&quot;classic&quot;}\">\n\t\t\t<div class=\"elementor-widget-wrap elementor-element-populated\">\n\t\t\t\t\t\t<div class=\"elementor-element elementor-element-4ecc3017 elementor-hidden-mobile elementor-widget-divider--view-line elementor-widget elementor-widget-divider\" data-id=\"4ecc3017\" data-element_type=\"widget\" data-widget_type=\"divider.default\">\n\t\t\t\t<div class=\"elementor-widget-container\">\n\t\t\t\t\t\t\t<div class=\"elementor-divider\">\n\t\t\t<span class=\"elementor-divider-separator\">\n\t\t\t\t\t\t<\/span>\n\t\t<\/div>\n\t\t\t\t\t\t<\/div>\n\t\t\t\t<\/div>\n\t\t\t\t<div class=\"elementor-element elementor-element-c306d57 elementor-invisible elementor-widget elementor-widget-heading\" data-id=\"c306d57\" data-element_type=\"widget\" data-settings=\"{&quot;_animation&quot;:&quot;fadeIn&quot;,&quot;_animation_delay&quot;:&quot;200&quot;}\" data-widget_type=\"heading.default\">\n\t\t\t\t<div class=\"elementor-widget-container\">\n\t\t\t\t\t<h3 class=\"elementor-heading-title elementor-size-default\">2024<\/h3>\t\t\t\t<\/div>\n\t\t\t\t<\/div>\n\t\t\t\t<div class=\"elementor-element elementor-element-ffb6843 elementor-widget-divider--view-line elementor-widget elementor-widget-divider\" data-id=\"ffb6843\" data-element_type=\"widget\" data-widget_type=\"divider.default\">\n\t\t\t\t<div class=\"elementor-widget-container\">\n\t\t\t\t\t\t\t<div class=\"elementor-divider\">\n\t\t\t<span class=\"elementor-divider-separator\">\n\t\t\t\t\t\t<\/span>\n\t\t<\/div>\n\t\t\t\t\t\t<\/div>\n\t\t\t\t<\/div>\n\t\t\t\t<div class=\"elementor-element elementor-element-fbb4bd6 elementor-widget elementor-widget-video\" data-id=\"fbb4bd6\" data-element_type=\"widget\" data-settings=\"{&quot;youtube_url&quot;:&quot;https:\\\/\\\/www.youtube.com\\\/watch?v=ELXuA2lTO3c&quot;,&quot;video_type&quot;:&quot;youtube&quot;,&quot;controls&quot;:&quot;yes&quot;}\" data-widget_type=\"video.default\">\n\t\t\t\t<div class=\"elementor-widget-container\">\n\t\t\t\t\t\t\t<div class=\"elementor-wrapper elementor-open-inline\">\n\t\t\t<div class=\"elementor-video\"><\/div>\t\t<\/div>\n\t\t\t\t\t\t<\/div>\n\t\t\t\t<\/div>\n\t\t\t\t\t<\/div>\n\t\t<\/div>\n\t\t\t\t<div class=\"elementor-column elementor-col-50 elementor-top-column elementor-element elementor-element-7b3283b\" data-id=\"7b3283b\" data-element_type=\"column\">\n\t\t\t<div class=\"elementor-widget-wrap elementor-element-populated\">\n\t\t\t\t\t\t<div class=\"elementor-element elementor-element-44bd1ef elementor-hidden-mobile elementor-widget-divider--view-line elementor-widget elementor-widget-divider\" data-id=\"44bd1ef\" data-element_type=\"widget\" data-widget_type=\"divider.default\">\n\t\t\t\t<div class=\"elementor-widget-container\">\n\t\t\t\t\t\t\t<div class=\"elementor-divider\">\n\t\t\t<span class=\"elementor-divider-separator\">\n\t\t\t\t\t\t<\/span>\n\t\t<\/div>\n\t\t\t\t\t\t<\/div>\n\t\t\t\t<\/div>\n\t\t\t\t<div class=\"elementor-element elementor-element-0abd930 elementor-invisible elementor-widget elementor-widget-heading\" data-id=\"0abd930\" data-element_type=\"widget\" data-settings=\"{&quot;_animation&quot;:&quot;fadeIn&quot;,&quot;_animation_delay&quot;:&quot;200&quot;}\" data-widget_type=\"heading.default\">\n\t\t\t\t<div class=\"elementor-widget-container\">\n\t\t\t\t\t<h3 class=\"elementor-heading-title elementor-size-default\">2023<\/h3>\t\t\t\t<\/div>\n\t\t\t\t<\/div>\n\t\t\t\t<div class=\"elementor-element elementor-element-efe2f6e elementor-widget-divider--view-line elementor-widget elementor-widget-divider\" data-id=\"efe2f6e\" data-element_type=\"widget\" data-widget_type=\"divider.default\">\n\t\t\t\t<div class=\"elementor-widget-container\">\n\t\t\t\t\t\t\t<div class=\"elementor-divider\">\n\t\t\t<span class=\"elementor-divider-separator\">\n\t\t\t\t\t\t<\/span>\n\t\t<\/div>\n\t\t\t\t\t\t<\/div>\n\t\t\t\t<\/div>\n\t\t\t\t<div class=\"elementor-element elementor-element-4743a01 elementor-widget elementor-widget-video\" data-id=\"4743a01\" data-element_type=\"widget\" data-settings=\"{&quot;youtube_url&quot;:&quot;https:\\\/\\\/www.youtube.com\\\/watch?v=_t4fGBkYckQ&quot;,&quot;video_type&quot;:&quot;youtube&quot;,&quot;controls&quot;:&quot;yes&quot;}\" data-widget_type=\"video.default\">\n\t\t\t\t<div class=\"elementor-widget-container\">\n\t\t\t\t\t\t\t<div class=\"elementor-wrapper elementor-open-inline\">\n\t\t\t<div class=\"elementor-video\"><\/div>\t\t<\/div>\n\t\t\t\t\t\t<\/div>\n\t\t\t\t<\/div>\n\t\t\t\t\t<\/div>\n\t\t<\/div>\n\t\t\t\t\t<\/div>\n\t\t<\/section>\n\t\t\t\t<section class=\"elementor-section elementor-top-section elementor-element elementor-element-1b60eee elementor-section-full_width elementor-section-height-min-height elementor-section-items-stretch elementor-section-content-middle elementor-section-height-default\" data-id=\"1b60eee\" data-element_type=\"section\">\n\t\t\t\t\t\t<div class=\"elementor-container elementor-column-gap-no\">\n\t\t\t\t\t<div class=\"elementor-column elementor-col-50 elementor-top-column elementor-element elementor-element-4e71856\" data-id=\"4e71856\" data-element_type=\"column\">\n\t\t\t<div class=\"elementor-widget-wrap elementor-element-populated\">\n\t\t\t\t\t\t<div class=\"elementor-element elementor-element-6db2b58 elementor-hidden-mobile elementor-widget-divider--view-line elementor-widget elementor-widget-divider\" data-id=\"6db2b58\" data-element_type=\"widget\" data-widget_type=\"divider.default\">\n\t\t\t\t<div class=\"elementor-widget-container\">\n\t\t\t\t\t\t\t<div class=\"elementor-divider\">\n\t\t\t<span class=\"elementor-divider-separator\">\n\t\t\t\t\t\t<\/span>\n\t\t<\/div>\n\t\t\t\t\t\t<\/div>\n\t\t\t\t<\/div>\n\t\t\t\t<div class=\"elementor-element elementor-element-7732b9b elementor-invisible elementor-widget elementor-widget-heading\" data-id=\"7732b9b\" data-element_type=\"widget\" data-settings=\"{&quot;_animation&quot;:&quot;fadeIn&quot;,&quot;_animation_delay&quot;:&quot;200&quot;}\" data-widget_type=\"heading.default\">\n\t\t\t\t<div class=\"elementor-widget-container\">\n\t\t\t\t\t<h3 class=\"elementor-heading-title elementor-size-default\">2022<\/h3>\t\t\t\t<\/div>\n\t\t\t\t<\/div>\n\t\t\t\t<div class=\"elementor-element elementor-element-52df54d elementor-widget-divider--view-line elementor-widget elementor-widget-divider\" data-id=\"52df54d\" data-element_type=\"widget\" data-widget_type=\"divider.default\">\n\t\t\t\t<div class=\"elementor-widget-container\">\n\t\t\t\t\t\t\t<div class=\"elementor-divider\">\n\t\t\t<span class=\"elementor-divider-separator\">\n\t\t\t\t\t\t<\/span>\n\t\t<\/div>\n\t\t\t\t\t\t<\/div>\n\t\t\t\t<\/div>\n\t\t\t\t<div class=\"elementor-element elementor-element-467a477 elementor-widget elementor-widget-video\" data-id=\"467a477\" data-element_type=\"widget\" data-settings=\"{&quot;youtube_url&quot;:&quot;https:\\\/\\\/www.youtube.com\\\/watch?v=VlUM8lVnzXM&quot;,&quot;video_type&quot;:&quot;youtube&quot;,&quot;controls&quot;:&quot;yes&quot;}\" data-widget_type=\"video.default\">\n\t\t\t\t<div class=\"elementor-widget-container\">\n\t\t\t\t\t\t\t<div class=\"elementor-wrapper elementor-open-inline\">\n\t\t\t<div class=\"elementor-video\"><\/div>\t\t<\/div>\n\t\t\t\t\t\t<\/div>\n\t\t\t\t<\/div>\n\t\t\t\t\t<\/div>\n\t\t<\/div>\n\t\t\t\t<div class=\"elementor-column elementor-col-50 elementor-top-column elementor-element elementor-element-1af1a9a\" data-id=\"1af1a9a\" data-element_type=\"column\" data-settings=\"{&quot;background_background&quot;:&quot;classic&quot;}\">\n\t\t\t<div class=\"elementor-widget-wrap elementor-element-populated\">\n\t\t\t\t\t\t<div class=\"elementor-element elementor-element-c36496d elementor-hidden-mobile elementor-widget-divider--view-line elementor-widget elementor-widget-divider\" data-id=\"c36496d\" data-element_type=\"widget\" data-widget_type=\"divider.default\">\n\t\t\t\t<div class=\"elementor-widget-container\">\n\t\t\t\t\t\t\t<div class=\"elementor-divider\">\n\t\t\t<span class=\"elementor-divider-separator\">\n\t\t\t\t\t\t<\/span>\n\t\t<\/div>\n\t\t\t\t\t\t<\/div>\n\t\t\t\t<\/div>\n\t\t\t\t<div class=\"elementor-element elementor-element-eebb52a elementor-invisible elementor-widget elementor-widget-heading\" data-id=\"eebb52a\" data-element_type=\"widget\" data-settings=\"{&quot;_animation&quot;:&quot;fadeIn&quot;,&quot;_animation_delay&quot;:&quot;200&quot;}\" data-widget_type=\"heading.default\">\n\t\t\t\t<div class=\"elementor-widget-container\">\n\t\t\t\t\t<h3 class=\"elementor-heading-title elementor-size-default\">2015<\/h3>\t\t\t\t<\/div>\n\t\t\t\t<\/div>\n\t\t\t\t<div class=\"elementor-element elementor-element-6869260 elementor-widget-divider--view-line elementor-widget elementor-widget-divider\" data-id=\"6869260\" data-element_type=\"widget\" data-widget_type=\"divider.default\">\n\t\t\t\t<div class=\"elementor-widget-container\">\n\t\t\t\t\t\t\t<div class=\"elementor-divider\">\n\t\t\t<span class=\"elementor-divider-separator\">\n\t\t\t\t\t\t<\/span>\n\t\t<\/div>\n\t\t\t\t\t\t<\/div>\n\t\t\t\t<\/div>\n\t\t\t\t<div class=\"elementor-element elementor-element-14abfc6 elementor-widget elementor-widget-video\" data-id=\"14abfc6\" data-element_type=\"widget\" data-settings=\"{&quot;youtube_url&quot;:&quot;https:\\\/\\\/www.youtube.com\\\/watch?v=RqmhPd8y6R0&quot;,&quot;video_type&quot;:&quot;youtube&quot;,&quot;controls&quot;:&quot;yes&quot;}\" data-widget_type=\"video.default\">\n\t\t\t\t<div class=\"elementor-widget-container\">\n\t\t\t\t\t\t\t<div class=\"elementor-wrapper elementor-open-inline\">\n\t\t\t<div class=\"elementor-video\"><\/div>\t\t<\/div>\n\t\t\t\t\t\t<\/div>\n\t\t\t\t<\/div>\n\t\t\t\t\t<\/div>\n\t\t<\/div>\n\t\t\t\t\t<\/div>\n\t\t<\/section>\n\t\t\t\t<\/div>","protected":false},"excerpt":{"rendered":"<p>Beja Tradi\u00e7\u00e3o, Cultura e Hist\u00f3ria em Cada Momento Bem-vindo a Beja, uma cidade onde a hist\u00f3ria e o presente se unem para criar uma experi\u00eancia \u00fanica. Nesta p\u00e1gina, apresentamos uma cole\u00e7\u00e3o de v\u00eddeos que mostram a cidade em diferentes momentos, de 2015 at\u00e9 2024. Cada v\u00eddeo oferece um olhar sobre Beja 2024 2023 2022 2015<\/p>","protected":false},"author":1,"featured_media":0,"parent":0,"menu_order":0,"comment_status":"closed","ping_status":"closed","template":"","meta":{"footnotes":""},"class_list":["post-1545","page","type-page","status-publish","hentry"],"yoast_head":"<!-- This site is optimized with the Yoast SEO plugin v24.3 - https:\/\/yoast.com\/wordpress\/plugins\/seo\/ -->\n<title>Beja - Nomad Houses<\/title>\n<meta name=\"description\" content=\"Na Nomad Houses, somos apaixonados por Beja e pela sua cultura. Cri\u00e1mos a nossa empresa para partilhar essa paix\u00e3o com viajantes de todo o mundo.\" \/>\n<meta name=\"robots\" content=\"index, follow, max-snippet:-1, max-image-preview:large, max-video-preview:-1\" \/>\n<link rel=\"canonical\" href=\"https:\/\/nomadhouses.pt\/en\/beja\/\" \/>\n<meta property=\"og:locale\" content=\"en_GB\" \/>\n<meta property=\"og:type\" content=\"article\" \/>\n<meta property=\"og:title\" content=\"Beja - Nomad Houses\" \/>\n<meta property=\"og:description\" content=\"Na Nomad Houses, somos apaixonados por Beja e pela sua cultura. Cri\u00e1mos a nossa empresa para partilhar essa paix\u00e3o com viajantes de todo o mundo.\" \/>\n<meta property=\"og:url\" content=\"https:\/\/nomadhouses.pt\/en\/beja\/\" \/>\n<meta property=\"og:site_name\" content=\"Nomad Houses\" \/>\n<meta property=\"article:publisher\" content=\"https:\/\/www.facebook.com\/nomadhouses.pt\/\" \/>\n<meta property=\"article:modified_time\" content=\"2025-01-21T16:38:50+00:00\" \/>\n<meta name=\"twitter:card\" content=\"summary_large_image\" \/>\n<meta name=\"twitter:label1\" content=\"Estimated reading time\" \/>\n\t<meta name=\"twitter:data1\" content=\"1 minute\" \/>\n<script type=\"application\/ld+json\" class=\"yoast-schema-graph\">{\"@context\":\"https:\/\/schema.org\",\"@graph\":[{\"@type\":\"WebPage\",\"@id\":\"https:\/\/nomadhouses.pt\/beja\/\",\"url\":\"https:\/\/nomadhouses.pt\/beja\/\",\"name\":\"Beja - Nomad Houses\",\"isPartOf\":{\"@id\":\"https:\/\/nomadhouses.pt\/#website\"},\"datePublished\":\"2025-01-20T11:01:09+00:00\",\"dateModified\":\"2025-01-21T16:38:50+00:00\",\"description\":\"Na Nomad Houses, somos apaixonados por Beja e pela sua cultura. Cri\u00e1mos a nossa empresa para partilhar essa paix\u00e3o com viajantes de todo o mundo.\",\"breadcrumb\":{\"@id\":\"https:\/\/nomadhouses.pt\/beja\/#breadcrumb\"},\"inLanguage\":\"en-GB\",\"potentialAction\":[{\"@type\":\"ReadAction\",\"target\":[\"https:\/\/nomadhouses.pt\/beja\/\"]}]},{\"@type\":\"BreadcrumbList\",\"@id\":\"https:\/\/nomadhouses.pt\/beja\/#breadcrumb\",\"itemListElement\":[{\"@type\":\"ListItem\",\"position\":1,\"name\":\"In\u00edcio\",\"item\":\"https:\/\/nomadhouses.pt\/\"},{\"@type\":\"ListItem\",\"position\":2,\"name\":\"Beja\"}]},{\"@type\":\"WebSite\",\"@id\":\"https:\/\/nomadhouses.pt\/#website\",\"url\":\"https:\/\/nomadhouses.pt\/\",\"name\":\"Nomad Houses\",\"description\":\":)\",\"publisher\":{\"@id\":\"https:\/\/nomadhouses.pt\/#organization\"},\"potentialAction\":[{\"@type\":\"SearchAction\",\"target\":{\"@type\":\"EntryPoint\",\"urlTemplate\":\"https:\/\/nomadhouses.pt\/?s={search_term_string}\"},\"query-input\":{\"@type\":\"PropertyValueSpecification\",\"valueRequired\":true,\"valueName\":\"search_term_string\"}}],\"inLanguage\":\"en-GB\"},{\"@type\":\"Organization\",\"@id\":\"https:\/\/nomadhouses.pt\/#organization\",\"name\":\"Nomad Houses\",\"url\":\"https:\/\/nomadhouses.pt\/\",\"logo\":{\"@type\":\"ImageObject\",\"inLanguage\":\"en-GB\",\"@id\":\"https:\/\/nomadhouses.pt\/#\/schema\/logo\/image\/\",\"url\":\"https:\/\/nomadhouses.pt\/wp-content\/uploads\/2023\/07\/logotipo_site.png\",\"contentUrl\":\"https:\/\/nomadhouses.pt\/wp-content\/uploads\/2023\/07\/logotipo_site.png\",\"width\":1848,\"height\":663,\"caption\":\"Nomad Houses\"},\"image\":{\"@id\":\"https:\/\/nomadhouses.pt\/#\/schema\/logo\/image\/\"},\"sameAs\":[\"https:\/\/www.facebook.com\/nomadhouses.pt\/\"]}]}<\/script>\n<!-- \/ Yoast SEO plugin. -->","yoast_head_json":{"title":"Beja - Nomad Houses","description":"Na Nomad Houses, somos apaixonados por Beja e pela sua cultura. Cri\u00e1mos a nossa empresa para partilhar essa paix\u00e3o com viajantes de todo o mundo.","robots":{"index":"index","follow":"follow","max-snippet":"max-snippet:-1","max-image-preview":"max-image-preview:large","max-video-preview":"max-video-preview:-1"},"canonical":"https:\/\/nomadhouses.pt\/en\/beja\/","og_locale":"en_GB","og_type":"article","og_title":"Beja - Nomad Houses","og_description":"Na Nomad Houses, somos apaixonados por Beja e pela sua cultura. Cri\u00e1mos a nossa empresa para partilhar essa paix\u00e3o com viajantes de todo o mundo.","og_url":"https:\/\/nomadhouses.pt\/en\/beja\/","og_site_name":"Nomad Houses","article_publisher":"https:\/\/www.facebook.com\/nomadhouses.pt\/","article_modified_time":"2025-01-21T16:38:50+00:00","twitter_card":"summary_large_image","twitter_misc":{"Estimated reading time":"1 minute"},"schema":{"@context":"https:\/\/schema.org","@graph":[{"@type":"WebPage","@id":"https:\/\/nomadhouses.pt\/beja\/","url":"https:\/\/nomadhouses.pt\/beja\/","name":"Beja - Nomad Houses","isPartOf":{"@id":"https:\/\/nomadhouses.pt\/#website"},"datePublished":"2025-01-20T11:01:09+00:00","dateModified":"2025-01-21T16:38:50+00:00","description":"Na Nomad Houses, somos apaixonados por Beja e pela sua cultura. Cri\u00e1mos a nossa empresa para partilhar essa paix\u00e3o com viajantes de todo o mundo.","breadcrumb":{"@id":"https:\/\/nomadhouses.pt\/beja\/#breadcrumb"},"inLanguage":"en-GB","potentialAction":[{"@type":"ReadAction","target":["https:\/\/nomadhouses.pt\/beja\/"]}]},{"@type":"BreadcrumbList","@id":"https:\/\/nomadhouses.pt\/beja\/#breadcrumb","itemListElement":[{"@type":"ListItem","position":1,"name":"In\u00edcio","item":"https:\/\/nomadhouses.pt\/"},{"@type":"ListItem","position":2,"name":"Beja"}]},{"@type":"WebSite","@id":"https:\/\/nomadhouses.pt\/#website","url":"https:\/\/nomadhouses.pt\/","name":"Nomad Houses","description":":)","publisher":{"@id":"https:\/\/nomadhouses.pt\/#organization"},"potentialAction":[{"@type":"SearchAction","target":{"@type":"EntryPoint","urlTemplate":"https:\/\/nomadhouses.pt\/?s={search_term_string}"},"query-input":{"@type":"PropertyValueSpecification","valueRequired":true,"valueName":"search_term_string"}}],"inLanguage":"en-GB"},{"@type":"Organization","@id":"https:\/\/nomadhouses.pt\/#organization","name":"Nomad Houses","url":"https:\/\/nomadhouses.pt\/","logo":{"@type":"ImageObject","inLanguage":"en-GB","@id":"https:\/\/nomadhouses.pt\/#\/schema\/logo\/image\/","url":"https:\/\/nomadhouses.pt\/wp-content\/uploads\/2023\/07\/logotipo_site.png","contentUrl":"https:\/\/nomadhouses.pt\/wp-content\/uploads\/2023\/07\/logotipo_site.png","width":1848,"height":663,"caption":"Nomad Houses"},"image":{"@id":"https:\/\/nomadhouses.pt\/#\/schema\/logo\/image\/"},"sameAs":["https:\/\/www.facebook.com\/nomadhouses.pt\/"]}]}},"_links":{"self":[{"href":"https:\/\/nomadhouses.pt\/en\/wp-json\/wp\/v2\/pages\/1545","targetHints":{"allow":["GET"]}}],"collection":[{"href":"https:\/\/nomadhouses.pt\/en\/wp-json\/wp\/v2\/pages"}],"about":[{"href":"https:\/\/nomadhouses.pt\/en\/wp-json\/wp\/v2\/types\/page"}],"author":[{"embeddable":true,"href":"https:\/\/nomadhouses.pt\/en\/wp-json\/wp\/v2\/users\/1"}],"replies":[{"embeddable":true,"href":"https:\/\/nomadhouses.pt\/en\/wp-json\/wp\/v2\/comments?post=1545"}],"version-history":[{"count":37,"href":"https:\/\/nomadhouses.pt\/en\/wp-json\/wp\/v2\/pages\/1545\/revisions"}],"predecessor-version":[{"id":1586,"href":"https:\/\/nomadhouses.pt\/en\/wp-json\/wp\/v2\/pages\/1545\/revisions\/1586"}],"wp:attachment":[{"href":"https:\/\/nomadhouses.pt\/en\/wp-json\/wp\/v2\/media?parent=1545"}],"curies":[{"name":"wp","href":"https:\/\/api.w.org\/{rel}","templated":true}]}}