{"id":1193,"date":"2024-03-21T12:21:34","date_gmt":"2024-03-21T12:21:34","guid":{"rendered":"https:\/\/nomadhouses.pt\/?page_id=1193"},"modified":"2024-03-21T17:13:20","modified_gmt":"2024-03-21T17:13:20","slug":"reservas","status":"publish","type":"page","link":"https:\/\/nomadhouses.pt\/en\/reservas\/","title":{"rendered":"Reservations"},"content":{"rendered":"<div data-elementor-type=\"wp-page\" data-elementor-id=\"1193\" class=\"elementor elementor-1193\" data-elementor-post-type=\"page\">\n\t\t\t\t\t\t<section class=\"elementor-section elementor-top-section elementor-element elementor-element-4ab50c5d elementor-section-full_width elementor-section-height-min-height elementor-section-items-stretch elementor-section-content-top elementor-section-height-default\" data-id=\"4ab50c5d\" data-element_type=\"section\" data-settings=\"{&quot;background_background&quot;:&quot;classic&quot;}\">\n\t\t\t\t\t\t<div class=\"elementor-container elementor-column-gap-no\">\n\t\t\t\t\t<div class=\"elementor-column elementor-col-100 elementor-top-column elementor-element elementor-element-7011857c\" data-id=\"7011857c\" data-element_type=\"column\">\n\t\t\t<div class=\"elementor-widget-wrap elementor-element-populated\">\n\t\t\t\t\t\t<div class=\"elementor-element elementor-element-76a926ed elementor-widget__width-initial elementor-absolute elementor-widget-tablet__width-initial elementor-widget-mobile__width-inherit elementor-widget elementor-widget-spacer\" data-id=\"76a926ed\" data-element_type=\"widget\" data-settings=\"{&quot;_position&quot;:&quot;absolute&quot;}\" data-widget_type=\"spacer.default\">\n\t\t\t\t<div class=\"elementor-widget-container\">\n\t\t\t\t\t\t\t<div class=\"elementor-spacer\">\n\t\t\t<div class=\"elementor-spacer-inner\"><\/div>\n\t\t<\/div>\n\t\t\t\t\t\t<\/div>\n\t\t\t\t<\/div>\n\t\t\t\t<section class=\"elementor-section elementor-inner-section elementor-element elementor-element-72b32f00 elementor-section-boxed elementor-section-height-default elementor-section-height-default\" data-id=\"72b32f00\" data-element_type=\"section\">\n\t\t\t\t\t\t<div class=\"elementor-container elementor-column-gap-no\">\n\t\t\t\t\t<div class=\"elementor-column elementor-col-100 elementor-inner-column elementor-element elementor-element-59686fc5\" data-id=\"59686fc5\" data-element_type=\"column\">\n\t\t\t<div class=\"elementor-widget-wrap elementor-element-populated\">\n\t\t\t\t\t\t<div class=\"elementor-element elementor-element-9b3f2a7 elementor-invisible elementor-widget elementor-widget-heading\" data-id=\"9b3f2a7\" data-element_type=\"widget\" data-settings=\"{&quot;_animation&quot;:&quot;fadeIn&quot;}\" data-widget_type=\"heading.default\">\n\t\t\t\t<div class=\"elementor-widget-container\">\n\t\t\t\t\t<h1 class=\"elementor-heading-title elementor-size-default\">Book with us<\/h1>\t\t\t\t<\/div>\n\t\t\t\t<\/div>\n\t\t\t\t<div class=\"elementor-element elementor-element-7544d3a elementor-invisible elementor-widget elementor-widget-heading\" data-id=\"7544d3a\" data-element_type=\"widget\" data-settings=\"{&quot;_animation&quot;:&quot;fadeIn&quot;}\" data-widget_type=\"heading.default\">\n\t\t\t\t<div class=\"elementor-widget-container\">\n\t\t\t\t\t<h1 class=\"elementor-heading-title elementor-size-default\">Subject to availability<\/h1>\t\t\t\t<\/div>\n\t\t\t\t<\/div>\n\t\t\t\t<div class=\"elementor-element elementor-element-728a41b elementor-widget__width-initial elementor-widget elementor-widget-wpforms\" data-id=\"728a41b\" data-element_type=\"widget\" data-widget_type=\"wpforms.default\">\n\t\t\t\t<div class=\"elementor-widget-container\">\n\t\t\t\t\t<style id=\"wpforms-css-vars-elementor-widget-728a41b\">\n\t\t\t\t.elementor-widget-wpforms.elementor-element-728a41b {\n\t\t\t\t--wpforms-field-border-radius: 0px;\n--wpforms-field-background-color: #00000017;\n--wpforms-field-border-color: #00000000;\n--wpforms-field-border-color-spare: #00000000;\n--wpforms-field-size-input-height: 43px;\n--wpforms-field-size-input-spacing: 15px;\n--wpforms-field-size-font-size: 16px;\n--wpforms-field-size-line-height: 19px;\n--wpforms-field-size-padding-h: 14px;\n--wpforms-field-size-checkbox-size: 16px;\n--wpforms-field-size-sublabel-spacing: 5px;\n--wpforms-field-size-icon-size: 1;\n--wpforms-label-size-font-size: 14px;\n--wpforms-label-size-line-height: 17px;\n--wpforms-label-size-sublabel-font-size: 13px;\n--wpforms-label-size-sublabel-line-height: 16px;\n--wpforms-button-size-font-size: 14px;\n--wpforms-button-size-height: 37px;\n--wpforms-button-size-padding-h: 15px;\n--wpforms-button-size-margin-top: 5px;\n\n\t\t\t}\n\t\t\t<\/style><div class=\"wpforms-container wpforms-container-full wpforms-render-modern\" id=\"wpforms-1137\"><form id=\"wpforms-form-1137\" class=\"wpforms-validate wpforms-form wpforms-ajax-form\" data-formid=\"1137\" method=\"post\" enctype=\"multipart\/form-data\" action=\"\/en\/wp-json\/wp\/v2\/pages\/1193\" data-token=\"d6e252a7bb326a74de97bef3256743d3\" data-token-time=\"1775412415\" data-trp-original-action=\"\/en\/wp-json\/wp\/v2\/pages\/1193\"><noscript class=\"wpforms-error-noscript\">Please enable JavaScript in your browser to complete this form.<\/noscript><div class=\"wpforms-hidden\" id=\"wpforms-error-noscript\">Please enable JavaScript in your browser to complete this form.<\/div><div class=\"wpforms-field-container\"><div id=\"wpforms-1137-field_0-container\" class=\"wpforms-field wpforms-field-name wpforms-one-third wpforms-first\" data-field-id=\"0\"><label class=\"wpforms-field-label\" for=\"wpforms-1137-field_0\">Name <span class=\"wpforms-required-label\" aria-hidden=\"true\">*<\/span><\/label><input type=\"text\" id=\"wpforms-1137-field_0\" class=\"wpforms-field-large wpforms-field-required\" name=\"wpforms[fields][0]\" aria-errormessage=\"wpforms-1137-field_0-error\" required><\/div><div id=\"wpforms-1137-field_1-container\" class=\"wpforms-field wpforms-field-email wpforms-one-third\" data-field-id=\"1\"><label class=\"wpforms-field-label\" for=\"wpforms-1137-field_1\">Email <span class=\"wpforms-required-label\" aria-hidden=\"true\">*<\/span><\/label><input type=\"email\" id=\"wpforms-1137-field_1\" class=\"wpforms-field-large wpforms-field-required\" name=\"wpforms[fields][1]\" spellcheck=\"false\" aria-errormessage=\"wpforms-1137-field_1-error\" required><\/div><div id=\"wpforms-1137-field_4-container\" class=\"wpforms-field wpforms-field-number wpforms-one-third\" data-field-id=\"4\"><label class=\"wpforms-field-label\" for=\"wpforms-1137-field_4\">Tlf \/ Tlm <span class=\"wpforms-required-label\" aria-hidden=\"true\">*<\/span><\/label><input type=\"number\" id=\"wpforms-1137-field_4\" class=\"wpforms-field-large wpforms-field-required\" name=\"wpforms[fields][4]\" aria-errormessage=\"wpforms-1137-field_4-error\" required><\/div><div id=\"wpforms-1137-field_7-container\" class=\"wpforms-field wpforms-field-radio wpforms-list-2-columns\" data-field-id=\"7\"><fieldset><legend class=\"wpforms-field-label\">What house would you like to book? <span class=\"wpforms-required-label\" aria-hidden=\"true\">*<\/span><\/legend><ul id=\"wpforms-1137-field_7\" class=\"wpforms-field-required\"><li class=\"choice-1 depth-1\"><input type=\"radio\" id=\"wpforms-1137-field_7_1\" name=\"wpforms[fields][7]\" value=\"Ap Tereno\" aria-errormessage=\"wpforms-1137-field_7_1-error\" required><label class=\"wpforms-field-label-inline\" for=\"wpforms-1137-field_7_1\">Ap Tereno<\/label><\/li><li class=\"choice-2 depth-1\"><input type=\"radio\" id=\"wpforms-1137-field_7_2\" name=\"wpforms[fields][7]\" value=\"Casa Sarilho\" aria-errormessage=\"wpforms-1137-field_7_2-error\" required><label class=\"wpforms-field-label-inline\" for=\"wpforms-1137-field_7_2\">Casa Sarilho<\/label><\/li><\/ul><\/fieldset><\/div><div id=\"wpforms-1137-field_5-container\" class=\"wpforms-field wpforms-field-number wpforms-one-fourth wpforms-first\" data-field-id=\"5\"><label class=\"wpforms-field-label\" for=\"wpforms-1137-field_5\">Check-in <span class=\"wpforms-required-label\" aria-hidden=\"true\">*<\/span><\/label><input type=\"number\" id=\"wpforms-1137-field_5\" class=\"wpforms-field-large wpforms-field-required\" name=\"wpforms[fields][5]\" aria-errormessage=\"wpforms-1137-field_5-error\" aria-describedby=\"wpforms-1137-field_5-description\" required><div id=\"wpforms-1137-field_5-description\" class=\"wpforms-field-description\">AAAAMMDD<\/div><\/div><div id=\"wpforms-1137-field_13-container\" class=\"wpforms-field wpforms-field-number wpforms-one-fourth\" data-field-id=\"13\"><label class=\"wpforms-field-label\" for=\"wpforms-1137-field_13\">Check-out <span class=\"wpforms-required-label\" aria-hidden=\"true\">*<\/span><\/label><input type=\"number\" id=\"wpforms-1137-field_13\" class=\"wpforms-field-large wpforms-field-required\" name=\"wpforms[fields][13]\" aria-errormessage=\"wpforms-1137-field_13-error\" aria-describedby=\"wpforms-1137-field_13-description\" required><div id=\"wpforms-1137-field_13-description\" class=\"wpforms-field-description\">AAAAMMDD<\/div><\/div><div id=\"wpforms-1137-field_9-container\" class=\"wpforms-field wpforms-field-number wpforms-one-fourth\" data-field-id=\"9\"><label class=\"wpforms-field-label\" for=\"wpforms-1137-field_9\">Adults <span class=\"wpforms-required-label\" aria-hidden=\"true\">*<\/span><\/label><input type=\"number\" id=\"wpforms-1137-field_9\" class=\"wpforms-field-large wpforms-field-required\" name=\"wpforms[fields][9]\" aria-errormessage=\"wpforms-1137-field_9-error\" required><\/div><div id=\"wpforms-1137-field_11-container\" class=\"wpforms-field wpforms-field-number wpforms-one-fourth\" data-field-id=\"11\"><label class=\"wpforms-field-label\" for=\"wpforms-1137-field_11\">Child <span class=\"wpforms-required-label\" aria-hidden=\"true\">*<\/span><\/label><input type=\"number\" id=\"wpforms-1137-field_11\" class=\"wpforms-field-large wpforms-field-required\" name=\"wpforms[fields][11]\" aria-errormessage=\"wpforms-1137-field_11-error\" required><\/div><div id=\"wpforms-1137-field_14-container\" class=\"wpforms-field wpforms-field-textarea\" data-field-id=\"14\"><label class=\"wpforms-field-label\" for=\"wpforms-1137-field_14\">Additional Information<\/label><textarea id=\"wpforms-1137-field_14\" class=\"wpforms-field-medium\" name=\"wpforms[fields][14]\" aria-errormessage=\"wpforms-1137-field_14-error\" ><\/textarea><\/div><div id=\"wpforms-1137-field_12-container\" class=\"wpforms-field wpforms-field-radio\" data-field-id=\"12\"><fieldset><legend class=\"wpforms-field-label\">  <span class=\"wpforms-required-label\" aria-hidden=\"true\">*<\/span><\/legend><ul id=\"wpforms-1137-field_12\" class=\"wpforms-field-required\"><li class=\"choice-1 depth-1\"><input type=\"radio\" id=\"wpforms-1137-field_12_1\" name=\"wpforms[fields][12]\" value=\"Li e aceitos os termos e condi\u00e7\u00f5es de acordo com a pol\u00edtica de privacidade\" aria-errormessage=\"wpforms-1137-field_12_1-error\" required><label class=\"wpforms-field-label-inline\" for=\"wpforms-1137-field_12_1\">I have read and accept the terms and conditions in accordance with the privacy policy<\/label><\/li><\/ul><\/fieldset><\/div><\/div><!-- .wpforms-field-container --><div class=\"wpforms-submit-container\" ><input type=\"hidden\" name=\"wpforms[id]\" value=\"1137\"><input type=\"hidden\" name=\"page_title\" value=\"\"><input type=\"hidden\" name=\"page_url\" value=\"https:\/\/nomadhouses.pt\/en\/wp-json\/wp\/v2\/pages\/1193\"><button type=\"submit\" name=\"wpforms[submit]\" id=\"wpforms-submit-1137\" class=\"wpforms-submit\" data-alt-text=\"A enviar...\" data-submit-text=\"Enviar\" aria-live=\"assertive\" value=\"wpforms-submit\">Submit<\/button><img decoding=\"async\" src=\"https:\/\/nomadhouses.pt\/wp-content\/plugins\/wpforms-lite\/assets\/images\/submit-spin.svg\" class=\"wpforms-submit-spinner\" style=\"display: none;\" width=\"26\" height=\"26\" alt=\"Loading\" loading=\"lazy\"><\/div><input type=\"hidden\" name=\"trp-form-language\" value=\"en\"\/><\/form><\/div>  <!-- .wpforms-container -->\t\t\t\t<\/div>\n\t\t\t\t<\/div>\n\t\t\t\t\t<\/div>\n\t\t<\/div>\n\t\t\t\t\t<\/div>\n\t\t<\/section>\n\t\t\t\t\t<\/div>\n\t\t<\/div>\n\t\t\t\t\t<\/div>\n\t\t<\/section>\n\t\t\t\t<section class=\"elementor-section elementor-top-section elementor-element elementor-element-bbe632a elementor-section-boxed elementor-section-height-default elementor-section-height-default\" data-id=\"bbe632a\" data-element_type=\"section\">\n\t\t\t\t\t\t<div class=\"elementor-container elementor-column-gap-default\">\n\t\t\t\t\t<div class=\"elementor-column elementor-col-100 elementor-top-column elementor-element elementor-element-2563b6a\" data-id=\"2563b6a\" data-element_type=\"column\">\n\t\t\t<div class=\"elementor-widget-wrap elementor-element-populated\">\n\t\t\t\t\t\t<div class=\"elementor-element elementor-element-c89d023 elementor-invisible elementor-widget elementor-widget-heading\" data-id=\"c89d023\" data-element_type=\"widget\" data-settings=\"{&quot;_animation&quot;:&quot;fadeIn&quot;}\" data-widget_type=\"heading.default\">\n\t\t\t\t<div class=\"elementor-widget-container\">\n\t\t\t\t\t<h1 class=\"elementor-heading-title elementor-size-default\">If you have any questions, please contact us<\/h1>\t\t\t\t<\/div>\n\t\t\t\t<\/div>\n\t\t\t\t<div class=\"elementor-element elementor-element-1c5dfceb elementor-align-center elementor-icon-list--layout-traditional elementor-list-item-link-full_width elementor-widget elementor-widget-icon-list\" data-id=\"1c5dfceb\" data-element_type=\"widget\" data-widget_type=\"icon-list.default\">\n\t\t\t\t<div class=\"elementor-widget-container\">\n\t\t\t\t\t\t\t<ul class=\"elementor-icon-list-items\">\n\t\t\t\t\t\t\t<li class=\"elementor-icon-list-item\">\n\t\t\t\t\t\t\t\t\t\t<span class=\"elementor-icon-list-text\">address: Largo de Santa Maria N\u00ba21 7800-133 Beja<\/span>\n\t\t\t\t\t\t\t\t\t<\/li>\n\t\t\t\t\t\t\t\t<li class=\"elementor-icon-list-item\">\n\t\t\t\t\t\t\t\t\t\t\t<a href=\"tel:961139204\">\n\n\t\t\t\t\t\t\t\t\t\t\t<span class=\"elementor-icon-list-text\">telefone: 961 139 204<\/span>\n\t\t\t\t\t\t\t\t\t\t\t<\/a>\n\t\t\t\t\t\t\t\t\t<\/li>\n\t\t\t\t\t\t\t\t<li class=\"elementor-icon-list-item\">\n\t\t\t\t\t\t\t\t\t\t\t<a href=\"mailto:geral@nomadhouses.pt\">\n\n\t\t\t\t\t\t\t\t\t\t\t<span class=\"elementor-icon-list-text\">EMAIL: geral@nomadhouses.pt<\/span>\n\t\t\t\t\t\t\t\t\t\t\t<\/a>\n\t\t\t\t\t\t\t\t\t<\/li>\n\t\t\t\t\t\t<\/ul>\n\t\t\t\t\t\t<\/div>\n\t\t\t\t<\/div>\n\t\t\t\t\t<\/div>\n\t\t<\/div>\n\t\t\t\t\t<\/div>\n\t\t<\/section>\n\t\t\t\t<\/div>","protected":false},"excerpt":{"rendered":"<p>RESERVE CONNOSCO sujeito a disponibilidade Please enable JavaScript in your browser to complete this form.Please enable JavaScript in your browser to complete this form.Nome *Email *Tlf \/ Tlm * Que casa quer reservar? * Ap Tereno Casa Sarilho Data de Entrada *AAAAMMDDData de Sa\u00edda *AAAAMMDDN\u00ba Adultos *N\u00ba Crian\u00e7as *Informa\u00e7\u00f5es adicionais * Li e aceitos os [&hellip;]<\/p>","protected":false},"author":1,"featured_media":0,"parent":0,"menu_order":0,"comment_status":"closed","ping_status":"closed","template":"","meta":{"footnotes":""},"class_list":["post-1193","page","type-page","status-publish","hentry"],"yoast_head":"<!-- This site is optimized with the Yoast SEO plugin v24.3 - https:\/\/yoast.com\/wordpress\/plugins\/seo\/ -->\n<title>Reservas - Nomad Houses<\/title>\n<meta name=\"description\" content=\"Descubra o Conforto e a Praticidade dos Nossos Alojamentos Locais de Short e Long Renting na NOMAD Houses!\" \/>\n<meta name=\"robots\" content=\"index, follow, max-snippet:-1, max-image-preview:large, max-video-preview:-1\" \/>\n<link rel=\"canonical\" href=\"https:\/\/nomadhouses.pt\/en\/reservas\/\" \/>\n<meta property=\"og:locale\" content=\"en_GB\" \/>\n<meta property=\"og:type\" content=\"article\" \/>\n<meta property=\"og:title\" content=\"Reservas - Nomad Houses\" \/>\n<meta property=\"og:description\" content=\"Descubra o Conforto e a Praticidade dos Nossos Alojamentos Locais de Short e Long Renting na NOMAD Houses!\" \/>\n<meta property=\"og:url\" content=\"https:\/\/nomadhouses.pt\/en\/reservas\/\" \/>\n<meta property=\"og:site_name\" content=\"Nomad Houses\" \/>\n<meta property=\"article:publisher\" content=\"https:\/\/www.facebook.com\/nomadhouses.pt\/\" \/>\n<meta property=\"article:modified_time\" content=\"2024-03-21T17:13:20+00:00\" \/>\n<meta property=\"og:image\" content=\"https:\/\/nomadhouses.pt\/wp-content\/plugins\/wpforms-lite\/assets\/images\/submit-spin.svg\" \/>\n<meta name=\"twitter:card\" content=\"summary_large_image\" \/>\n<meta name=\"twitter:label1\" content=\"Estimated reading time\" \/>\n\t<meta name=\"twitter:data1\" content=\"1 minute\" \/>\n<script type=\"application\/ld+json\" class=\"yoast-schema-graph\">{\"@context\":\"https:\/\/schema.org\",\"@graph\":[{\"@type\":\"WebPage\",\"@id\":\"https:\/\/nomadhouses.pt\/reservas\/\",\"url\":\"https:\/\/nomadhouses.pt\/reservas\/\",\"name\":\"Reservas - Nomad Houses\",\"isPartOf\":{\"@id\":\"https:\/\/nomadhouses.pt\/#website\"},\"primaryImageOfPage\":{\"@id\":\"https:\/\/nomadhouses.pt\/reservas\/#primaryimage\"},\"image\":{\"@id\":\"https:\/\/nomadhouses.pt\/reservas\/#primaryimage\"},\"thumbnailUrl\":\"https:\/\/nomadhouses.pt\/wp-content\/plugins\/wpforms-lite\/assets\/images\/submit-spin.svg\",\"datePublished\":\"2024-03-21T12:21:34+00:00\",\"dateModified\":\"2024-03-21T17:13:20+00:00\",\"description\":\"Descubra o Conforto e a Praticidade dos Nossos Alojamentos Locais de Short e Long Renting na NOMAD Houses!\",\"breadcrumb\":{\"@id\":\"https:\/\/nomadhouses.pt\/reservas\/#breadcrumb\"},\"inLanguage\":\"en-GB\",\"potentialAction\":[{\"@type\":\"ReadAction\",\"target\":[\"https:\/\/nomadhouses.pt\/reservas\/\"]}]},{\"@type\":\"ImageObject\",\"inLanguage\":\"en-GB\",\"@id\":\"https:\/\/nomadhouses.pt\/reservas\/#primaryimage\",\"url\":\"https:\/\/nomadhouses.pt\/wp-content\/plugins\/wpforms-lite\/assets\/images\/submit-spin.svg\",\"contentUrl\":\"https:\/\/nomadhouses.pt\/wp-content\/plugins\/wpforms-lite\/assets\/images\/submit-spin.svg\"},{\"@type\":\"BreadcrumbList\",\"@id\":\"https:\/\/nomadhouses.pt\/reservas\/#breadcrumb\",\"itemListElement\":[{\"@type\":\"ListItem\",\"position\":1,\"name\":\"In\u00edcio\",\"item\":\"https:\/\/nomadhouses.pt\/\"},{\"@type\":\"ListItem\",\"position\":2,\"name\":\"Reservas\"}]},{\"@type\":\"WebSite\",\"@id\":\"https:\/\/nomadhouses.pt\/#website\",\"url\":\"https:\/\/nomadhouses.pt\/\",\"name\":\"Nomad Houses\",\"description\":\":)\",\"publisher\":{\"@id\":\"https:\/\/nomadhouses.pt\/#organization\"},\"potentialAction\":[{\"@type\":\"SearchAction\",\"target\":{\"@type\":\"EntryPoint\",\"urlTemplate\":\"https:\/\/nomadhouses.pt\/?s={search_term_string}\"},\"query-input\":{\"@type\":\"PropertyValueSpecification\",\"valueRequired\":true,\"valueName\":\"search_term_string\"}}],\"inLanguage\":\"en-GB\"},{\"@type\":\"Organization\",\"@id\":\"https:\/\/nomadhouses.pt\/#organization\",\"name\":\"Nomad Houses\",\"url\":\"https:\/\/nomadhouses.pt\/\",\"logo\":{\"@type\":\"ImageObject\",\"inLanguage\":\"en-GB\",\"@id\":\"https:\/\/nomadhouses.pt\/#\/schema\/logo\/image\/\",\"url\":\"https:\/\/nomadhouses.pt\/wp-content\/uploads\/2023\/07\/logotipo_site.png\",\"contentUrl\":\"https:\/\/nomadhouses.pt\/wp-content\/uploads\/2023\/07\/logotipo_site.png\",\"width\":1848,\"height\":663,\"caption\":\"Nomad Houses\"},\"image\":{\"@id\":\"https:\/\/nomadhouses.pt\/#\/schema\/logo\/image\/\"},\"sameAs\":[\"https:\/\/www.facebook.com\/nomadhouses.pt\/\"]}]}<\/script>\n<!-- \/ Yoast SEO plugin. -->","yoast_head_json":{"title":"Reservas - Nomad Houses","description":"Descubra o Conforto e a Praticidade dos Nossos Alojamentos Locais de Short e Long Renting na NOMAD Houses!","robots":{"index":"index","follow":"follow","max-snippet":"max-snippet:-1","max-image-preview":"max-image-preview:large","max-video-preview":"max-video-preview:-1"},"canonical":"https:\/\/nomadhouses.pt\/en\/reservas\/","og_locale":"en_GB","og_type":"article","og_title":"Reservas - Nomad Houses","og_description":"Descubra o Conforto e a Praticidade dos Nossos Alojamentos Locais de Short e Long Renting na NOMAD Houses!","og_url":"https:\/\/nomadhouses.pt\/en\/reservas\/","og_site_name":"Nomad Houses","article_publisher":"https:\/\/www.facebook.com\/nomadhouses.pt\/","article_modified_time":"2024-03-21T17:13:20+00:00","og_image":[{"url":"https:\/\/nomadhouses.pt\/wp-content\/plugins\/wpforms-lite\/assets\/images\/submit-spin.svg","type":"","width":"","height":""}],"twitter_card":"summary_large_image","twitter_misc":{"Estimated reading time":"1 minute"},"schema":{"@context":"https:\/\/schema.org","@graph":[{"@type":"WebPage","@id":"https:\/\/nomadhouses.pt\/reservas\/","url":"https:\/\/nomadhouses.pt\/reservas\/","name":"Reservas - Nomad Houses","isPartOf":{"@id":"https:\/\/nomadhouses.pt\/#website"},"primaryImageOfPage":{"@id":"https:\/\/nomadhouses.pt\/reservas\/#primaryimage"},"image":{"@id":"https:\/\/nomadhouses.pt\/reservas\/#primaryimage"},"thumbnailUrl":"https:\/\/nomadhouses.pt\/wp-content\/plugins\/wpforms-lite\/assets\/images\/submit-spin.svg","datePublished":"2024-03-21T12:21:34+00:00","dateModified":"2024-03-21T17:13:20+00:00","description":"Descubra o Conforto e a Praticidade dos Nossos Alojamentos Locais de Short e Long Renting na NOMAD Houses!","breadcrumb":{"@id":"https:\/\/nomadhouses.pt\/reservas\/#breadcrumb"},"inLanguage":"en-GB","potentialAction":[{"@type":"ReadAction","target":["https:\/\/nomadhouses.pt\/reservas\/"]}]},{"@type":"ImageObject","inLanguage":"en-GB","@id":"https:\/\/nomadhouses.pt\/reservas\/#primaryimage","url":"https:\/\/nomadhouses.pt\/wp-content\/plugins\/wpforms-lite\/assets\/images\/submit-spin.svg","contentUrl":"https:\/\/nomadhouses.pt\/wp-content\/plugins\/wpforms-lite\/assets\/images\/submit-spin.svg"},{"@type":"BreadcrumbList","@id":"https:\/\/nomadhouses.pt\/reservas\/#breadcrumb","itemListElement":[{"@type":"ListItem","position":1,"name":"In\u00edcio","item":"https:\/\/nomadhouses.pt\/"},{"@type":"ListItem","position":2,"name":"Reservas"}]},{"@type":"WebSite","@id":"https:\/\/nomadhouses.pt\/#website","url":"https:\/\/nomadhouses.pt\/","name":"Nomad Houses","description":":)","publisher":{"@id":"https:\/\/nomadhouses.pt\/#organization"},"potentialAction":[{"@type":"SearchAction","target":{"@type":"EntryPoint","urlTemplate":"https:\/\/nomadhouses.pt\/?s={search_term_string}"},"query-input":{"@type":"PropertyValueSpecification","valueRequired":true,"valueName":"search_term_string"}}],"inLanguage":"en-GB"},{"@type":"Organization","@id":"https:\/\/nomadhouses.pt\/#organization","name":"Nomad Houses","url":"https:\/\/nomadhouses.pt\/","logo":{"@type":"ImageObject","inLanguage":"en-GB","@id":"https:\/\/nomadhouses.pt\/#\/schema\/logo\/image\/","url":"https:\/\/nomadhouses.pt\/wp-content\/uploads\/2023\/07\/logotipo_site.png","contentUrl":"https:\/\/nomadhouses.pt\/wp-content\/uploads\/2023\/07\/logotipo_site.png","width":1848,"height":663,"caption":"Nomad Houses"},"image":{"@id":"https:\/\/nomadhouses.pt\/#\/schema\/logo\/image\/"},"sameAs":["https:\/\/www.facebook.com\/nomadhouses.pt\/"]}]}},"_links":{"self":[{"href":"https:\/\/nomadhouses.pt\/en\/wp-json\/wp\/v2\/pages\/1193","targetHints":{"allow":["GET"]}}],"collection":[{"href":"https:\/\/nomadhouses.pt\/en\/wp-json\/wp\/v2\/pages"}],"about":[{"href":"https:\/\/nomadhouses.pt\/en\/wp-json\/wp\/v2\/types\/page"}],"author":[{"embeddable":true,"href":"https:\/\/nomadhouses.pt\/en\/wp-json\/wp\/v2\/users\/1"}],"replies":[{"embeddable":true,"href":"https:\/\/nomadhouses.pt\/en\/wp-json\/wp\/v2\/comments?post=1193"}],"version-history":[{"count":10,"href":"https:\/\/nomadhouses.pt\/en\/wp-json\/wp\/v2\/pages\/1193\/revisions"}],"predecessor-version":[{"id":1223,"href":"https:\/\/nomadhouses.pt\/en\/wp-json\/wp\/v2\/pages\/1193\/revisions\/1223"}],"wp:attachment":[{"href":"https:\/\/nomadhouses.pt\/en\/wp-json\/wp\/v2\/media?parent=1193"}],"curies":[{"name":"wp","href":"https:\/\/api.w.org\/{rel}","templated":true}]}}